{"id":512,"date":"2021-06-14T12:29:46","date_gmt":"2021-06-14T10:29:46","guid":{"rendered":"https:\/\/sveforsrealty.com\/about-us\/"},"modified":"2024-08-06T12:21:35","modified_gmt":"2024-08-06T10:21:35","slug":"om-oss","status":"publish","type":"page","link":"https:\/\/sveforsrealty.com\/sv\/om-oss\/","title":{"rendered":"Om Oss"},"content":{"rendered":"\n<section class=\"wp-block-group container\"><div class=\"wp-block-group__inner-container is-layout-flow wp-block-group-is-layout-flow\">\n<h1 class=\"wp-block-heading has-text-align-center\" id=\"welcome-to-svefors-realty-a-real-estate-agency-founded-byalejandro-svefors-and-geraldine-palmier\">V\u00e4lkommen till <mark style=\"background-color:rgba(0, 0, 0, 0)\" class=\"has-inline-color has-vivid-cyan-blue-color\">Svefors Realty<\/mark>, en fastighetsbyr\u00e5 grundad <br>av Alexander Svefors och Geraldine Palmier.<\/h1>\n\n\n\n<div class=\"wp-block-columns collage3 is-layout-flex wp-container-core-columns-is-layout-9d6595d7 wp-block-columns-is-layout-flex\">\n<div class=\"wp-block-column is-layout-flow wp-block-column-is-layout-flow\">\n<figure class=\"wp-block-image size-large is-style-default\"><img loading=\"lazy\" decoding=\"async\" width=\"1400\" height=\"933\" src=\"https:\/\/sveforsrealty.com\/wp-content\/uploads\/2022\/04\/collage1-1400x933.jpg\" alt=\"\" class=\"wp-image-1441\" srcset=\"https:\/\/sveforsrealty.com\/wp-content\/uploads\/2022\/04\/collage1-1400x933.jpg 1400w, https:\/\/sveforsrealty.com\/wp-content\/uploads\/2022\/04\/collage1-800x533.jpg 800w, https:\/\/sveforsrealty.com\/wp-content\/uploads\/2022\/04\/collage1-768x512.jpg 768w, https:\/\/sveforsrealty.com\/wp-content\/uploads\/2022\/04\/collage1-1536x1024.jpg 1536w, https:\/\/sveforsrealty.com\/wp-content\/uploads\/2022\/04\/collage1.jpg 1800w\" sizes=\"auto, (max-width: 1400px) 100vw, 1400px\" \/><\/figure>\n<\/div>\n\n\n\n<div class=\"wp-block-column is-layout-flow wp-block-column-is-layout-flow\">\n<figure class=\"wp-block-image size-large is-style-default\"><img loading=\"lazy\" decoding=\"async\" width=\"1400\" height=\"933\" src=\"https:\/\/sveforsrealty.com\/wp-content\/uploads\/2022\/04\/collage2-1400x933.jpg\" alt=\"\" class=\"wp-image-1444\" srcset=\"https:\/\/sveforsrealty.com\/wp-content\/uploads\/2022\/04\/collage2-1400x933.jpg 1400w, https:\/\/sveforsrealty.com\/wp-content\/uploads\/2022\/04\/collage2-800x533.jpg 800w, https:\/\/sveforsrealty.com\/wp-content\/uploads\/2022\/04\/collage2-768x512.jpg 768w, https:\/\/sveforsrealty.com\/wp-content\/uploads\/2022\/04\/collage2-1536x1024.jpg 1536w, https:\/\/sveforsrealty.com\/wp-content\/uploads\/2022\/04\/collage2.jpg 1800w\" sizes=\"auto, (max-width: 1400px) 100vw, 1400px\" \/><\/figure>\n\n\n\n<p class=\"has-text-align-center\">30 \u00c5R AV<br>ERFARENHET P\u00c5<br>FASTIGHETSMARKNADEN<\/p>\n<\/div>\n\n\n\n<div class=\"wp-block-column is-layout-flow wp-block-column-is-layout-flow\">\n<figure class=\"wp-block-image size-large is-style-default\"><img loading=\"lazy\" decoding=\"async\" width=\"1400\" height=\"933\" src=\"https:\/\/sveforsrealty.com\/wp-content\/uploads\/2022\/04\/collage3-1400x933.jpg\" alt=\"\" class=\"wp-image-1447\" srcset=\"https:\/\/sveforsrealty.com\/wp-content\/uploads\/2022\/04\/collage3-1400x933.jpg 1400w, https:\/\/sveforsrealty.com\/wp-content\/uploads\/2022\/04\/collage3-800x533.jpg 800w, https:\/\/sveforsrealty.com\/wp-content\/uploads\/2022\/04\/collage3-768x512.jpg 768w, https:\/\/sveforsrealty.com\/wp-content\/uploads\/2022\/04\/collage3-1536x1024.jpg 1536w, https:\/\/sveforsrealty.com\/wp-content\/uploads\/2022\/04\/collage3.jpg 1800w\" sizes=\"auto, (max-width: 1400px) 100vw, 1400px\" \/><\/figure>\n<\/div>\n<\/div>\n<\/div><\/section>\n\n\n\n<section class=\"wp-block-group container\"><div class=\"wp-block-group__inner-container is-layout-flow wp-block-group-is-layout-flow\">\n<div class=\"wp-block-columns is-layout-flex wp-container-core-columns-is-layout-9d6595d7 wp-block-columns-is-layout-flex\">\n<div class=\"wp-block-column is-layout-flow wp-block-column-is-layout-flow\" style=\"flex-basis:15%\"><\/div>\n\n\n\n<div class=\"wp-block-column is-layout-flow wp-block-column-is-layout-flow\" style=\"flex-basis:70%\">\n<p class=\"has-text-align-center\">Vi talar Engelska, Svenska, Spanska, Franska, Arabiska och Italienska.<\/p>\n\n\n\n<p class=\"has-text-align-center\">V\u00e5rt kontor ligger i San Pedro Alc\u00e1ntara \u2013 Marbella, i det b\u00e4sta expansionsomr\u00e5det, n\u00e5gra steg fr\u00e5n stadens centrum och mycket n\u00e4ra strandpromenaden som tar Dig till Puerto Ban\u00fas och Marbella.<\/p>\n\n\n\n<p class=\"has-text-align-center\">V\u00e5rt m\u00e5l \u00e4r att erbjuda olika typer utav fastigheter och en effektiv och professionell service.<\/p>\n<\/div>\n\n\n\n<div class=\"wp-block-column is-layout-flow wp-block-column-is-layout-flow\" style=\"flex-basis:15%\"><\/div>\n<\/div>\n\n\n\n<hr class=\"wp-block-separator has-text-color has-cyan-bluish-gray-color has-css-opacity has-cyan-bluish-gray-background-color has-background is-style-wide mt-5 mb-5\"\/>\n<\/div><\/section>\n\n\n\n<section class=\"wp-block-group container\"><div class=\"wp-block-group__inner-container is-layout-flow wp-block-group-is-layout-flow\">\n<h2 class=\"wp-block-heading has-text-align-center\" id=\"buy-or-sell-properties-with-total-safety-and-speed\">K\u00f6p eller s\u00e4lj fastigheter med total s\u00e4kerhet och snabbhet<\/h2>\n\n\n\n<div class=\"wp-block-columns is-layout-flex wp-container-core-columns-is-layout-9d6595d7 wp-block-columns-is-layout-flex\">\n<div class=\"wp-block-column is-layout-flow wp-block-column-is-layout-flow\" style=\"flex-basis:15%\"><\/div>\n\n\n\n<div class=\"wp-block-column is-layout-flow wp-block-column-is-layout-flow\" style=\"flex-basis:70%\">\n<p class=\"has-text-align-center\"><br><br>Om Du \u00e4r intresserad av att k\u00f6pa eller s\u00e4lja fastigheter i v\u00e5rt omr\u00e5de, tveka inte att kontakta oss s\u00e5 guidar vi dig g\u00e4rna genom processen. Vi hj\u00e4lper Dig med f\u00f6rs\u00e4ljning och\/eller k\u00f6p av Din fastighet, vilket g\u00f6r det enklare och s\u00e4krare. Vi erbjuder \u00e4ven after-sales service och arbetar med ett fantastiskt och proffesionellt team av advokater, m\u00e5lare, byggm\u00e4stare, dekorat\u00f6rer, osv.<br><br><br><\/p>\n<\/div>\n\n\n\n<div class=\"wp-block-column is-layout-flow wp-block-column-is-layout-flow\" style=\"flex-basis:15%\"><\/div>\n<\/div>\n\n\n\n<div class=\"wp-block-columns is-layout-flex wp-container-core-columns-is-layout-9d6595d7 wp-block-columns-is-layout-flex\">\n<div class=\"wp-block-column is-layout-flow wp-block-column-is-layout-flow\"><div class=\"wp-block-image is-style-default\">\n<figure class=\"aligncenter size-full\"><img loading=\"lazy\" decoding=\"async\" width=\"423\" height=\"219\" src=\"https:\/\/sveforsrealty.com\/wp-content\/uploads\/2022\/02\/alejandro-muro.jpg\" alt=\"\" class=\"wp-image-1271\"\/><\/figure>\n<\/div>\n\n\n<h5 class=\"wp-block-heading has-text-align-center mt-5 mb-5\" id=\"alejandro-sverfors\">Alejandro Svefors<\/h5>\n\n\n\n<p class=\"has-text-align-center\">F\u00f6dd i Sverige och bosatt i Marbella sedan 1972. Han b\u00f6rjade sin karri\u00e4r inom fastighetsmarknaden p\u00e5 Costa del Sol f\u00f6r mer \u00e4n 30 \u00e5r sedan. Han talar flytande Svenska, Spanska och Engelska.<\/p>\n<\/div>\n\n\n\n<div class=\"wp-block-column is-layout-flow wp-block-column-is-layout-flow\"><div class=\"wp-block-image is-style-default\">\n<figure class=\"aligncenter size-full\"><img loading=\"lazy\" decoding=\"async\" width=\"423\" height=\"219\" src=\"https:\/\/sveforsrealty.com\/wp-content\/uploads\/2022\/02\/geraldine-muro.jpg\" alt=\"\" class=\"wp-image-1274\"\/><\/figure>\n<\/div>\n\n\n<h5 class=\"wp-block-heading has-text-align-center mt-5 mb-5\" id=\"geraldine-palmier\">Geraldine Palmier<\/h5>\n\n\n\n<p class=\"has-text-align-center\">F\u00f6dd i Gibraltar och bosatt i Marbella sedan 1978. Med mer \u00e4n 30 \u00e5rs erfarenhet av f\u00f6rs\u00e4ljning och uthyrning inom fastighetsmarknaden p\u00e5 Costa del Sol. Geraldine talar flytande Engelska och Spanska.<\/p>\n<\/div>\n<\/div>\n\n\n\n<div class=\"wp-block-columns is-layout-flex wp-container-core-columns-is-layout-9d6595d7 wp-block-columns-is-layout-flex\">\n<div class=\"wp-block-column is-layout-flow wp-block-column-is-layout-flow\" style=\"flex-basis:25%\"><\/div>\n\n\n\n<div class=\"wp-block-column is-layout-flow wp-block-column-is-layout-flow\" style=\"flex-basis:50%\"><div class=\"wp-block-image is-style-default\">\n<figure class=\"aligncenter size-full\"><img loading=\"lazy\" decoding=\"async\" width=\"423\" height=\"219\" src=\"https:\/\/sveforsrealty.com\/wp-content\/uploads\/2022\/04\/gina-younis-muro.jpg\" alt=\"\" class=\"wp-image-1431\"\/><\/figure>\n<\/div>\n\n\n<h5 class=\"wp-block-heading has-text-align-center mt-5 mb-5\">Gina Younis<\/h5>\n\n\n\n<p class=\"has-text-align-center\">F\u00f6dd i Las Palmas, Kanarie\u00f6arna och bosatt i Marbella sedan 1984 med mer \u00e4n 25 \u00e5rs erfarenhet av f\u00f6rs\u00e4ljning inom fastighetsmarknaden p\u00e5 Costa del Sol. Gina talar flytande Spanska, Engelska, Franska, och har kunskaper i Arabiska och Italienska.<\/p>\n<\/div>\n\n\n\n<div class=\"wp-block-column is-layout-flow wp-block-column-is-layout-flow\" style=\"flex-basis:25%\"><\/div>\n<\/div>\n\n\n\n<hr class=\"wp-block-separator has-text-color has-cyan-bluish-gray-color has-css-opacity has-cyan-bluish-gray-background-color has-background is-style-wide mt-5 mb-5\"\/>\n<\/div><\/section>\n\n\n\n<section class=\"wp-block-group container client-recomendations\"><div class=\"wp-block-group__inner-container is-layout-flow wp-block-group-is-layout-flow\">\n<p class=\"has-text-align-center\"><strong>V\u00c5RA KUNDER S\u00c4GER<\/strong><br><br><\/p>\n\n\n<section class=\"client-recomendations\">\n\t\t\t<div class=\"container\">\n\t\t\t\t<div class=\"row\">\n\t\t\t\t\t<div class=\"col12\">\n\t\t\t\t\t\t<!-- wp:heading {\"textAlign\":\"center\",\"level\":4} -->\n<h4 class=\"has-text-align-center\"><em>Briljant service - Djupg\u00e5ende kunskap om marknaden - P\u00e5litlig - V\u00e4nlig - Kan inte rekommendera detta f\u00f6retag nog! Du beh\u00f6ver inte g\u00e5 n\u00e5gon annanstans...<\/em><\/h4>\n<!-- \/wp:heading -->\n\n<!-- wp:paragraph -->\n<p><\/p>\n<!-- \/wp:paragraph -->\n\t\t\t\t\t\t<img decoding=\"async\" src=\"https:\/\/sveforsrealty.com\/wp-content\/uploads\/2022\/01\/comment.jpg\" alt=\"SANDRA LORENZO\">\n\t\t\t\t\t\t<div class=\"stars\">\n\t\t\t\t\t\t\t<img loading=\"lazy\" decoding=\"async\" width=\"19\" height=\"19\" style=\"width: 19px;\" alt=\"review-star\" src=\"\/wp-content\/uploads\/2022\/01\/blue-star.png\">\n\t\t\t\t\t\t\t<img loading=\"lazy\" decoding=\"async\" width=\"19\" height=\"19\" style=\"width: 19px;\" alt=\"review-star\" src=\"\/wp-content\/uploads\/2022\/01\/blue-star.png\">\n\t\t\t\t\t\t\t<img loading=\"lazy\" decoding=\"async\" width=\"19\" height=\"19\" style=\"width: 19px;\" alt=\"review-star\" src=\"\/wp-content\/uploads\/2022\/01\/blue-star.png\">\n\t\t\t\t\t\t\t<img loading=\"lazy\" decoding=\"async\" width=\"19\" height=\"19\" style=\"width: 19px;\" alt=\"review-star\" src=\"\/wp-content\/uploads\/2022\/01\/blue-star.png\">\n\t\t\t\t\t\t\t<img loading=\"lazy\" decoding=\"async\" width=\"19\" height=\"19\" style=\"width: 19px;\" alt=\"review-star\" src=\"\/wp-content\/uploads\/2022\/01\/blue-star.png\">\n\t\t\t\t\t\t<\/div>\n\t\t\t\t\t\t<p><strong>SANDRA LORENZO<\/strong><\/p>\n\t\t\t\t\t<\/div>\n\t\t\t\t<\/div>\n\t\t\t<\/div>\n\t\t<\/section>\n<\/div><\/section>\n\n\n\n<div style=\"height:60px\" aria-hidden=\"true\" class=\"wp-block-spacer\"><\/div>\n\n\n\n<section class=\"wp-block-group prior-advise bg-color-blue\"><div class=\"wp-block-group__inner-container is-layout-flow wp-block-group-is-layout-flow\">\n<div class=\"wp-block-columns container is-layout-flex wp-container-core-columns-is-layout-9d6595d7 wp-block-columns-is-layout-flex\">\n<div class=\"wp-block-column svefors-advice p-5 is-layout-flow wp-block-column-is-layout-flow\">\n<p>P\u00e5 <mark style=\"background-color:rgba(0, 0, 0, 0)\" class=\"has-inline-color has-vivid-cyan-blue-color\">Svefors Realty<\/mark> studerar vi och analyserar Dina behov och krav noggrant f\u00f6r att kunna erbjuda Dig en lista \u00f6ver de fastigheter som passar Dig b\u00e4st.<\/p>\n\n\n\n<p class=\"has-text-align-right quote\">Hitta ditt dr\u00f6mhus bland v\u00e5ra mest exklusiva nyproduktioner. L\u00e5t oss veta vad som \u00e4r viktigt f\u00f6r Dig s\u00e5som utsikt, g\u00e5ngavst\u00e5nd till aff\u00e4rer, restauranger, n\u00e4ra stranden, n\u00e4ra till skolor, antal sovrum, omr\u00e5de. Att veta vad som \u00e4r viktigt f\u00f6r Dig, g\u00f6r det mycket l\u00e4ttare att hitta det Du s\u00f6ker. Costa del Sol erbjuder Dig m\u00f6jligheten att f\u00e5 hemmet Du dr\u00f6mmer om.<\/p>\n<\/div>\n\n\n\n<div class=\"wp-block-column p-5 position-relative svefors-advice-image is-layout-flow wp-block-column-is-layout-flow\">\n<figure class=\"wp-block-image size-full\"><img loading=\"lazy\" decoding=\"async\" width=\"1280\" height=\"719\" src=\"https:\/\/sveforsrealty.com\/wp-content\/uploads\/2022\/01\/323.jpg\" alt=\"\" class=\"wp-image-889\" srcset=\"https:\/\/sveforsrealty.com\/wp-content\/uploads\/2022\/01\/323.jpg 1280w, https:\/\/sveforsrealty.com\/wp-content\/uploads\/2022\/01\/323-800x449.jpg 800w, https:\/\/sveforsrealty.com\/wp-content\/uploads\/2022\/01\/323-768x431.jpg 768w\" sizes=\"auto, (max-width: 1280px) 100vw, 1280px\" \/><\/figure>\n\n\n\n<div class=\"wp-block-buttons is-layout-flex wp-block-buttons-is-layout-flex\">\n<div class=\"wp-block-button round-button\"><a class=\"wp-block-button__link wp-element-button\" href=\"\/sv\/new-developments.html\">Titta p\u00e5 v\u00e5ra<br>senaste<br>Nyproduktioner<\/a><\/div>\n<\/div>\n<\/div>\n<\/div>\n<\/div><\/section>\n","protected":false},"excerpt":{"rendered":"<p>V\u00e4lkommen till Svefors Realty, en fastighetsbyr\u00e5 grundad av Alexander Svefors och Geraldine Palmier. 30 \u00c5R AVERFARENHET P\u00c5FASTIGHETSMARKNADEN Vi talar Engelska, Svenska, Spanska, Franska, Arabiska och Italienska. V\u00e5rt kontor ligger i San Pedro Alc\u00e1ntara \u2013 Marbella, i det b\u00e4sta expansionsomr\u00e5det, n\u00e5gra steg fr\u00e5n stadens centrum och mycket n\u00e4ra strandpromenaden som tar Dig till Puerto Ban\u00fas och [&hellip;]<\/p>\n","protected":false},"author":2,"featured_media":0,"parent":0,"menu_order":0,"comment_status":"closed","ping_status":"closed","template":"templates\/about.php","meta":{"inline_featured_image":false,"footnotes":""},"class_list":["post-512","page","type-page","status-publish","hentry"],"yoast_head":"<!-- This site is optimized with the Yoast SEO plugin v27.4 - https:\/\/yoast.com\/product\/yoast-seo-wordpress\/ -->\n<title>Om Oss - Housing Marbella \u2013 Villas, Townhouses, Apartments on Costa del Sol - At Housing Marbella we will not just help you buy a property; we will employ our accumulated experience to ensure that you find the right home at the best price and give you the best service possible throughout the entire process<\/title>\n<meta name=\"robots\" content=\"index, follow, max-snippet:-1, max-image-preview:large, max-video-preview:-1\" \/>\n<link rel=\"canonical\" href=\"https:\/\/sveforsrealty.com\/sv\/om-oss\/\" \/>\n<meta property=\"og:locale\" content=\"sv_SE\" \/>\n<meta property=\"og:type\" content=\"article\" \/>\n<meta property=\"og:title\" content=\"Om Oss - Housing Marbella \u2013 Villas, Townhouses, Apartments on Costa del Sol - At Housing Marbella we will not just help you buy a property; we will employ our accumulated experience to ensure that you find the right home at the best price and give you the best service possible throughout the entire process\" \/>\n<meta property=\"og:description\" content=\"V\u00e4lkommen till Svefors Realty, en fastighetsbyr\u00e5 grundad av Alexander Svefors och Geraldine Palmier. 30 \u00c5R AVERFARENHET P\u00c5FASTIGHETSMARKNADEN Vi talar Engelska, Svenska, Spanska, Franska, Arabiska och Italienska. V\u00e5rt kontor ligger i San Pedro Alc\u00e1ntara \u2013 Marbella, i det b\u00e4sta expansionsomr\u00e5det, n\u00e5gra steg fr\u00e5n stadens centrum och mycket n\u00e4ra strandpromenaden som tar Dig till Puerto Ban\u00fas och [&hellip;]\" \/>\n<meta property=\"og:url\" content=\"https:\/\/sveforsrealty.com\/sv\/om-oss\/\" \/>\n<meta property=\"og:site_name\" content=\"Housing Marbella \u2013 Villas, Townhouses, Apartments on Costa del Sol\" \/>\n<meta property=\"article:publisher\" content=\"https:\/\/www.facebook.com\/SveforsRealty\/\" \/>\n<meta property=\"article:modified_time\" content=\"2024-08-06T10:21:35+00:00\" \/>\n<meta property=\"og:image\" content=\"https:\/\/sveforsrealty.com\/wp-content\/uploads\/2022\/04\/collage1-1400x933.jpg\" \/>\n<meta name=\"twitter:card\" content=\"summary_large_image\" \/>\n<meta name=\"twitter:label1\" content=\"Ber\u00e4knad l\u00e4stid\" \/>\n\t<meta name=\"twitter:data1\" content=\"3 minuter\" \/>\n<script type=\"application\/ld+json\" class=\"yoast-schema-graph\">{\"@context\":\"https:\\\/\\\/schema.org\",\"@graph\":[{\"@type\":\"WebPage\",\"@id\":\"https:\\\/\\\/sveforsrealty.com\\\/sv\\\/om-oss\\\/\",\"url\":\"https:\\\/\\\/sveforsrealty.com\\\/sv\\\/om-oss\\\/\",\"name\":\"Om Oss - Housing Marbella \u2013 Villas, Townhouses, Apartments on Costa del Sol - At Housing Marbella we will not just help you buy a property; we will employ our accumulated experience to ensure that you find the right home at the best price and give you the best service possible throughout the entire process\",\"isPartOf\":{\"@id\":\"https:\\\/\\\/sveforsrealty.com\\\/sv\\\/#website\"},\"primaryImageOfPage\":{\"@id\":\"https:\\\/\\\/sveforsrealty.com\\\/sv\\\/om-oss\\\/#primaryimage\"},\"image\":{\"@id\":\"https:\\\/\\\/sveforsrealty.com\\\/sv\\\/om-oss\\\/#primaryimage\"},\"thumbnailUrl\":\"https:\\\/\\\/sveforsrealty.com\\\/wp-content\\\/uploads\\\/2022\\\/04\\\/collage1-1400x933.jpg\",\"datePublished\":\"2021-06-14T10:29:46+00:00\",\"dateModified\":\"2024-08-06T10:21:35+00:00\",\"breadcrumb\":{\"@id\":\"https:\\\/\\\/sveforsrealty.com\\\/sv\\\/om-oss\\\/#breadcrumb\"},\"inLanguage\":\"sv-SE\",\"potentialAction\":[{\"@type\":\"ReadAction\",\"target\":[\"https:\\\/\\\/sveforsrealty.com\\\/sv\\\/om-oss\\\/\"]}]},{\"@type\":\"ImageObject\",\"inLanguage\":\"sv-SE\",\"@id\":\"https:\\\/\\\/sveforsrealty.com\\\/sv\\\/om-oss\\\/#primaryimage\",\"url\":\"https:\\\/\\\/sveforsrealty.com\\\/wp-content\\\/uploads\\\/2022\\\/04\\\/collage1-1400x933.jpg\",\"contentUrl\":\"https:\\\/\\\/sveforsrealty.com\\\/wp-content\\\/uploads\\\/2022\\\/04\\\/collage1-1400x933.jpg\"},{\"@type\":\"BreadcrumbList\",\"@id\":\"https:\\\/\\\/sveforsrealty.com\\\/sv\\\/om-oss\\\/#breadcrumb\",\"itemListElement\":[{\"@type\":\"ListItem\",\"position\":1,\"name\":\"Home\",\"item\":\"https:\\\/\\\/sveforsrealty.com\\\/sv\\\/\"},{\"@type\":\"ListItem\",\"position\":2,\"name\":\"Om Oss\"}]},{\"@type\":\"WebSite\",\"@id\":\"https:\\\/\\\/sveforsrealty.com\\\/sv\\\/#website\",\"url\":\"https:\\\/\\\/sveforsrealty.com\\\/sv\\\/\",\"name\":\"Housing Marbella \u2013 Villas, Townhouses, Apartments on Costa del Sol\",\"description\":\"At Housing Marbella we will not just help you buy a property; we will employ our accumulated experience to ensure that you find the right home at the best price and give you the best service possible throughout the entire process\",\"publisher\":{\"@id\":\"https:\\\/\\\/sveforsrealty.com\\\/sv\\\/#organization\"},\"potentialAction\":[{\"@type\":\"SearchAction\",\"target\":{\"@type\":\"EntryPoint\",\"urlTemplate\":\"https:\\\/\\\/sveforsrealty.com\\\/sv\\\/?s={search_term_string}\"},\"query-input\":{\"@type\":\"PropertyValueSpecification\",\"valueRequired\":true,\"valueName\":\"search_term_string\"}}],\"inLanguage\":\"sv-SE\"},{\"@type\":\"Organization\",\"@id\":\"https:\\\/\\\/sveforsrealty.com\\\/sv\\\/#organization\",\"name\":\"Svefors Realty | Marbella\",\"url\":\"https:\\\/\\\/sveforsrealty.com\\\/sv\\\/\",\"logo\":{\"@type\":\"ImageObject\",\"inLanguage\":\"sv-SE\",\"@id\":\"https:\\\/\\\/sveforsrealty.com\\\/sv\\\/#\\\/schema\\\/logo\\\/image\\\/\",\"url\":\"https:\\\/\\\/sveforsrealty.com\\\/wp-content\\\/uploads\\\/2022\\\/02\\\/logo-svefors.png\",\"contentUrl\":\"https:\\\/\\\/sveforsrealty.com\\\/wp-content\\\/uploads\\\/2022\\\/02\\\/logo-svefors.png\",\"width\":480,\"height\":102,\"caption\":\"Svefors Realty | Marbella\"},\"image\":{\"@id\":\"https:\\\/\\\/sveforsrealty.com\\\/sv\\\/#\\\/schema\\\/logo\\\/image\\\/\"},\"sameAs\":[\"https:\\\/\\\/www.facebook.com\\\/SveforsRealty\\\/\"]}]}<\/script>\n<!-- \/ Yoast SEO plugin. -->","yoast_head_json":{"title":"Om Oss - Housing Marbella \u2013 Villas, Townhouses, Apartments on Costa del Sol - At Housing Marbella we will not just help you buy a property; we will employ our accumulated experience to ensure that you find the right home at the best price and give you the best service possible throughout the entire process","robots":{"index":"index","follow":"follow","max-snippet":"max-snippet:-1","max-image-preview":"max-image-preview:large","max-video-preview":"max-video-preview:-1"},"canonical":"https:\/\/sveforsrealty.com\/sv\/om-oss\/","og_locale":"sv_SE","og_type":"article","og_title":"Om Oss - Housing Marbella \u2013 Villas, Townhouses, Apartments on Costa del Sol - At Housing Marbella we will not just help you buy a property; we will employ our accumulated experience to ensure that you find the right home at the best price and give you the best service possible throughout the entire process","og_description":"V\u00e4lkommen till Svefors Realty, en fastighetsbyr\u00e5 grundad av Alexander Svefors och Geraldine Palmier. 30 \u00c5R AVERFARENHET P\u00c5FASTIGHETSMARKNADEN Vi talar Engelska, Svenska, Spanska, Franska, Arabiska och Italienska. V\u00e5rt kontor ligger i San Pedro Alc\u00e1ntara \u2013 Marbella, i det b\u00e4sta expansionsomr\u00e5det, n\u00e5gra steg fr\u00e5n stadens centrum och mycket n\u00e4ra strandpromenaden som tar Dig till Puerto Ban\u00fas och [&hellip;]","og_url":"https:\/\/sveforsrealty.com\/sv\/om-oss\/","og_site_name":"Housing Marbella \u2013 Villas, Townhouses, Apartments on Costa del Sol","article_publisher":"https:\/\/www.facebook.com\/SveforsRealty\/","article_modified_time":"2024-08-06T10:21:35+00:00","og_image":[{"url":"https:\/\/sveforsrealty.com\/wp-content\/uploads\/2022\/04\/collage1-1400x933.jpg","type":"","width":"","height":""}],"twitter_card":"summary_large_image","twitter_misc":{"Ber\u00e4knad l\u00e4stid":"3 minuter"},"schema":{"@context":"https:\/\/schema.org","@graph":[{"@type":"WebPage","@id":"https:\/\/sveforsrealty.com\/sv\/om-oss\/","url":"https:\/\/sveforsrealty.com\/sv\/om-oss\/","name":"Om Oss - Housing Marbella \u2013 Villas, Townhouses, Apartments on Costa del Sol - At Housing Marbella we will not just help you buy a property; we will employ our accumulated experience to ensure that you find the right home at the best price and give you the best service possible throughout the entire process","isPartOf":{"@id":"https:\/\/sveforsrealty.com\/sv\/#website"},"primaryImageOfPage":{"@id":"https:\/\/sveforsrealty.com\/sv\/om-oss\/#primaryimage"},"image":{"@id":"https:\/\/sveforsrealty.com\/sv\/om-oss\/#primaryimage"},"thumbnailUrl":"https:\/\/sveforsrealty.com\/wp-content\/uploads\/2022\/04\/collage1-1400x933.jpg","datePublished":"2021-06-14T10:29:46+00:00","dateModified":"2024-08-06T10:21:35+00:00","breadcrumb":{"@id":"https:\/\/sveforsrealty.com\/sv\/om-oss\/#breadcrumb"},"inLanguage":"sv-SE","potentialAction":[{"@type":"ReadAction","target":["https:\/\/sveforsrealty.com\/sv\/om-oss\/"]}]},{"@type":"ImageObject","inLanguage":"sv-SE","@id":"https:\/\/sveforsrealty.com\/sv\/om-oss\/#primaryimage","url":"https:\/\/sveforsrealty.com\/wp-content\/uploads\/2022\/04\/collage1-1400x933.jpg","contentUrl":"https:\/\/sveforsrealty.com\/wp-content\/uploads\/2022\/04\/collage1-1400x933.jpg"},{"@type":"BreadcrumbList","@id":"https:\/\/sveforsrealty.com\/sv\/om-oss\/#breadcrumb","itemListElement":[{"@type":"ListItem","position":1,"name":"Home","item":"https:\/\/sveforsrealty.com\/sv\/"},{"@type":"ListItem","position":2,"name":"Om Oss"}]},{"@type":"WebSite","@id":"https:\/\/sveforsrealty.com\/sv\/#website","url":"https:\/\/sveforsrealty.com\/sv\/","name":"Housing Marbella \u2013 Villas, Townhouses, Apartments on Costa del Sol","description":"At Housing Marbella we will not just help you buy a property; we will employ our accumulated experience to ensure that you find the right home at the best price and give you the best service possible throughout the entire process","publisher":{"@id":"https:\/\/sveforsrealty.com\/sv\/#organization"},"potentialAction":[{"@type":"SearchAction","target":{"@type":"EntryPoint","urlTemplate":"https:\/\/sveforsrealty.com\/sv\/?s={search_term_string}"},"query-input":{"@type":"PropertyValueSpecification","valueRequired":true,"valueName":"search_term_string"}}],"inLanguage":"sv-SE"},{"@type":"Organization","@id":"https:\/\/sveforsrealty.com\/sv\/#organization","name":"Svefors Realty | Marbella","url":"https:\/\/sveforsrealty.com\/sv\/","logo":{"@type":"ImageObject","inLanguage":"sv-SE","@id":"https:\/\/sveforsrealty.com\/sv\/#\/schema\/logo\/image\/","url":"https:\/\/sveforsrealty.com\/wp-content\/uploads\/2022\/02\/logo-svefors.png","contentUrl":"https:\/\/sveforsrealty.com\/wp-content\/uploads\/2022\/02\/logo-svefors.png","width":480,"height":102,"caption":"Svefors Realty | Marbella"},"image":{"@id":"https:\/\/sveforsrealty.com\/sv\/#\/schema\/logo\/image\/"},"sameAs":["https:\/\/www.facebook.com\/SveforsRealty\/"]}]}},"_links":{"self":[{"href":"https:\/\/sveforsrealty.com\/sv\/wp-json\/wp\/v2\/pages\/512","targetHints":{"allow":["GET"]}}],"collection":[{"href":"https:\/\/sveforsrealty.com\/sv\/wp-json\/wp\/v2\/pages"}],"about":[{"href":"https:\/\/sveforsrealty.com\/sv\/wp-json\/wp\/v2\/types\/page"}],"author":[{"embeddable":true,"href":"https:\/\/sveforsrealty.com\/sv\/wp-json\/wp\/v2\/users\/2"}],"replies":[{"embeddable":true,"href":"https:\/\/sveforsrealty.com\/sv\/wp-json\/wp\/v2\/comments?post=512"}],"version-history":[{"count":7,"href":"https:\/\/sveforsrealty.com\/sv\/wp-json\/wp\/v2\/pages\/512\/revisions"}],"predecessor-version":[{"id":2405,"href":"https:\/\/sveforsrealty.com\/sv\/wp-json\/wp\/v2\/pages\/512\/revisions\/2405"}],"wp:attachment":[{"href":"https:\/\/sveforsrealty.com\/sv\/wp-json\/wp\/v2\/media?parent=512"}],"curies":[{"name":"wp","href":"https:\/\/api.w.org\/{rel}","templated":true}]}}