{"id":1872,"date":"2022-03-16T14:43:31","date_gmt":"2022-03-16T13:43:31","guid":{"rendered":"https:\/\/sveforsrealty.com\/vender-su-propiedad\/"},"modified":"2022-09-13T11:33:34","modified_gmt":"2022-09-13T09:33:34","slug":"sell-your-property","status":"publish","type":"page","link":"https:\/\/sveforsrealty.com\/sv\/sell-your-property\/","title":{"rendered":"Sell your property"},"content":{"rendered":"\n<div class=\"wp-block-group container\"><div class=\"wp-block-group__inner-container is-layout-flow wp-block-group-is-layout-flow\">\n<h1 class=\"has-text-align-center wp-block-heading\">Contact with Svefors Realty for sell your property <br>with total safety and speed<\/h1>\n<\/div><\/div>\n\n\n\n<div style=\"height:64px\" aria-hidden=\"true\" class=\"wp-block-spacer\"><\/div>\n\n\n\t<section class=\"ic-contact-form-wrapper\" id=\"request-more-info-wrapper\">\n\t\t<div class=\"container\">\n\t\t\t<div class=\"row\">\n\t\t\t\t<div class=\"col-12 ic-contact-form-box\">\n\t\t\t\t\t<div class=\"ic-contact-form-text\">\n\t\t\t\t\t\t<p>REGISTRATION FORM<\/p>\t\t\t\t\t\t\t\t\t\t\t<\/div>\n\t\t\t\t\t<div class=\"ic-contact-form-form\">\n\t\t\t\t\t\t<div class=\"frm_forms  with_frm_style frm_center_submit frm_style_formidable-style\" id=\"frm_form_5_container\" >\n<form enctype=\"multipart\/form-data\" method=\"post\" class=\"frm-show-form  frm_js_validate  frm_ajax_submit  frm_pro_form \" id=\"form_request-more-info\" >\n<div class=\"frm_form_fields \">\n<fieldset>\n<legend class=\"frm_screen_reader\">Beg\u00e4r mer information<\/legend>\r\n\r\n<div class=\"frm_fields_container\">\n<input type=\"hidden\" name=\"frm_action\" value=\"create\" \/>\n<input type=\"hidden\" name=\"form_id\" value=\"5\" \/>\n<input type=\"hidden\" name=\"frm_hide_fields_5\" id=\"frm_hide_fields_5\" value=\"\" \/>\n<input type=\"hidden\" name=\"form_key\" value=\"request-more-info\" \/>\n<input type=\"hidden\" name=\"item_meta[0]\" value=\"\" \/>\n<input type=\"hidden\" id=\"frm_submit_entry_5\" name=\"frm_submit_entry_5\" value=\"c5a73db20d\" \/><input type=\"hidden\" name=\"_wp_http_referer\" value=\"\/sv\/wp-json\/wp\/v2\/pages\/1872\" \/><div id=\"frm_field_59_container\" class=\"frm_form_field form-field  frm_required_field frm_top_container frm_first frm12\">\r\n    <label for=\"field_bv0yq685ab32d39\" id=\"field_bv0yq685ab32d39_label\" class=\"frm_primary_label\">Namn\r\n        <span class=\"frm_required\" aria-hidden=\"true\">*<\/span>\r\n    <\/label>\r\n    <input  type=\"text\" id=\"field_bv0yq685ab32d39\" name=\"item_meta[59]\" value=\"\"  placeholder=\"Namn\" data-reqmsg=\"Detta f\u00e4lt f\u00e5r inte vara tomt.\" aria-required=\"true\" data-invmsg=\"Texto no es v\u00e1lido\" aria-invalid=\"false\"   \/>\r\n    \r\n    \r\n<\/div>\n<div id=\"frm_field_60_container\" class=\"frm_form_field form-field  frm_required_field frm_top_container frm_first\">\r\n    <label for=\"field_29yf4df28be598d3\" id=\"field_29yf4df28be598d3_label\" class=\"frm_primary_label\">Email\r\n        <span class=\"frm_required\" aria-hidden=\"true\">*<\/span>\r\n    <\/label>\r\n    <input type=\"email\" id=\"field_29yf4df28be598d3\" name=\"item_meta[60]\" value=\"\"  placeholder=\"Email\" data-reqmsg=\"Detta f\u00e4lt f\u00e5r inte vara tomt.\" aria-required=\"true\" data-invmsg=\"V\u00e4nligen ange en giltig e-postadress\" aria-invalid=\"false\"  \/>\r\n    \r\n    \r\n<\/div>\n<div id=\"frm_field_61_container\" class=\"frm_form_field form-field  frm_required_field frm_top_container frm_first\">\r\n    <label for=\"field_96fr7da1192b3c5\" id=\"field_96fr7da1192b3c5_label\" class=\"frm_primary_label\">Telefon\r\n        <span class=\"frm_required\" aria-hidden=\"true\">*<\/span>\r\n    <\/label>\r\n    <input  type=\"text\" id=\"field_96fr7da1192b3c5\" name=\"item_meta[61]\" value=\"\"  placeholder=\"Telefon\" data-reqmsg=\"Detta f\u00e4lt f\u00e5r inte vara tomt.\" aria-required=\"true\" data-invmsg=\"Texto no es v\u00e1lido\" aria-invalid=\"false\"   \/>\r\n    \r\n    \r\n<\/div>\n<div id=\"frm_field_62_container\" class=\"frm_form_field form-field  frm_required_field frm_top_container frm12 frm_first\">\r\n    <label for=\"field_5yjnibe2fd999b9\" id=\"field_5yjnibe2fd999b9_label\" class=\"frm_primary_label\">Era kommentarer\r\n        <span class=\"frm_required\" aria-hidden=\"true\">*<\/span>\r\n    <\/label>\r\n    <textarea name=\"item_meta[62]\" id=\"field_5yjnibe2fd999b9\" rows=\"4\"  placeholder=\"Era kommentarer\" data-reqmsg=\"Detta f\u00e4lt f\u00e5r inte vara tomt.\" aria-required=\"true\" data-invmsg=\"Era kommentarer \u00e4r ogiltigt\" aria-invalid=\"false\"  ><\/textarea>\r\n    \r\n    \r\n<\/div>\n<input type=\"hidden\" name=\"item_meta[63]\" id=\"field_sent_from_page_url\" value=\"\"     \/>\n<input type=\"hidden\" name=\"item_meta[64]\" id=\"field_property_ref\" value=\"\"     \/>\n<input type=\"hidden\" name=\"item_meta[65]\" id=\"field_wpml_current_language\" value=\"[wpml_current_language]\"  data-frmval=\"[wpml_current_language]\"   \/>\n<div id=\"frm_field_66_container\" class=\"frm_form_field form-field  frm_required_field frm_none_container vertical_radio\">\r\n    <div  id=\"field_shzd4a8f8d3131f_label\" class=\"frm_primary_label\">Casillas\r\n        <span class=\"frm_required\" aria-hidden=\"true\">*<\/span>\r\n    <\/div>\r\n    <div class=\"frm_opt_container\" aria-labelledby=\"field_shzd4a8f8d3131f_label\" role=\"group\">\t\t<div class=\"frm_checkbox\" id=\"frm_checkbox_66-0\">\t\t\t<label  for=\"field_shzd4a8f8d3131f-0\">\n\t\t\t<input type=\"checkbox\" name=\"item_meta[66][]\" id=\"field_shzd4a8f8d3131f-0\" value=\"I have read and accept the &lt;a href=&quot;\/privacy-policy\/&quot; target=&quot;_blank&quot; title=&quot;Privacy Policy&quot;&gt;privacy policy&lt;\/a&gt; of this site.\"  data-reqmsg=\"Detta f\u00e4lt f\u00e5r inte vara tomt.\" data-invmsg=\"Casillas \u00e4r ogiltigt\"   aria-required=\"true\"  \/> Jag har l\u00e4st och accepterar <a href=\"\/sv\/integritetspolicy\/\" target=\"_blank\" title=\"integritetspolicyn\">integritetspolicyn<\/a> f\u00f6r denna webbplats.<\/label><\/div>\n<\/div>\r\n    \r\n    \r\n<\/div>\n<div id=\"frm_field_67_container\" class=\"frm_form_field form-field  frm_none_container vertical_radio\">\r\n    <div  id=\"field_cdw2if7bc486be2_label\" class=\"frm_primary_label\">Casillas\r\n        <span class=\"frm_required\" aria-hidden=\"true\"><\/span>\r\n    <\/div>\r\n    <div class=\"frm_opt_container\" aria-labelledby=\"field_cdw2if7bc486be2_label\" role=\"group\">\t\t<div class=\"frm_checkbox\" id=\"frm_checkbox_67-0\">\t\t\t<label  for=\"field_cdw2if7bc486be2-0\">\n\t\t\t<input type=\"checkbox\" name=\"item_meta[67][]\" id=\"field_cdw2if7bc486be2-0\" value=\"I agree to receive commercial communications from Svefors\"  data-invmsg=\"Casillas \u00e4r ogiltigt\"   \/> Jag samtycker till att ta emot kommersiell kommunikation fr\u00e5n Svefors Realty<\/label><\/div>\n<\/div>\r\n    \r\n    \r\n<\/div>\n<div id=\"frm_field_87_container\" class=\"frm_form_field form-field  frm_none_container\">\r\n    <label for=\"g-recaptcha-response\" id=\"field_gydxn_label\" class=\"frm_primary_label\">reCAPTCHA\r\n        <span class=\"frm_required\" aria-hidden=\"true\"><\/span>\r\n    <\/label>\r\n    <div  id=\"field_gydxn\" class=\"frm-g-recaptcha\" data-sitekey=\"6LcfS3YgAAAAAIFPUQc_F9i_hhzPEHwmtiG0f10z\" data-size=\"invisible\" data-theme=\"light\"><\/div>\r\n    \r\n    \r\n<\/div>\n\t<input type=\"hidden\" name=\"item_key\" value=\"\" \/>\n\t\t\t<div id=\"frm_field_100_container\">\n\t\t\t<label for=\"field_fzmwe\" >\n\t\t\t\tOm du \u00e4r m\u00e4nsklig, l\u00e4mna det h\u00e4r f\u00e4ltet tomt.\t\t\t<\/label>\n\t\t\t<input  id=\"field_fzmwe\" type=\"text\" class=\"frm_form_field form-field frm_verify\" name=\"item_meta[100]\" value=\"\"  \/>\n\t\t<\/div>\n\t\t<input name=\"frm_state\" type=\"hidden\" value=\"5Y+qxQ5dFP6hFOTad9gDD+P4iw36J9LSxFeKVAC\/upisosBzMu0x6GmrIzDFGv0f\" \/><div class=\"frm_submit\">\r\n\r\n<button class=\"frm_button_submit frm_final_submit\" type=\"submit\"   formnovalidate=\"formnovalidate\">SKICKA<\/button>\r\n\r\n<\/div><\/div>\n<\/fieldset>\n<\/div>\n\n<\/form>\n<\/div>\n\t\t\t\t\t<\/div>\n\t\t\t\t<\/div>\n\t\t\t<\/div>\n\t\t<\/div>\n\t<\/section>\n\t\n\n\n\t<section class=\"ic-google-maps-wrapper\">\n\t\t<div class=\"box-map position-relative\">\n\t\t\t<div id=\"gmap\"><\/div>\n\t\t\t<div class=\"info-map\">\n\t\t\t\t<h2 class=\"map-titulo\">Sverfors Realty<\/h2>\n\t\t\t\t<div class=\"map-texto\">\n\t\t\t\t\t<p>Avenida de Burgos 24<br \/>Residencial Acqua, Bloque 4, Local 2<br \/>29670 San Pedro Alc\u00e1ntara<\/p>\n\t\t\t\t<\/div>\n\t\t\t<\/div>\n\t\t<\/div>\n\t<\/section>\n\t<script type=\"application\/javascript\">\n\t\tjQuery(window).on('load', function() {\n\t\t\tinitMapByLatLng(12,'36.4799205', '-4.9895526', '\/wp-content\/themes\/svefors\/images\/marker.png', 'Sverfors Realty');\n\t\t});\n\t<\/script>\n\t\n","protected":false},"excerpt":{"rendered":"<p>Contact with Svefors Realty for sell your property with total safety and speed<\/p>\n","protected":false},"author":1,"featured_media":0,"parent":0,"menu_order":0,"comment_status":"closed","ping_status":"closed","template":"","meta":{"inline_featured_image":false,"footnotes":""},"class_list":["post-1872","page","type-page","status-publish","hentry"],"yoast_head":"<!-- This site is optimized with the Yoast SEO plugin v27.3 - https:\/\/yoast.com\/product\/yoast-seo-wordpress\/ -->\n<title>Sell your property - Housing Marbella \u2013 Villas, Townhouses, Apartments on Costa del Sol - At Housing Marbella we will not just help you buy a property; we will employ our accumulated experience to ensure that you find the right home at the best price and give you the best service possible throughout the entire process<\/title>\n<meta name=\"robots\" content=\"index, follow, max-snippet:-1, max-image-preview:large, max-video-preview:-1\" \/>\n<link rel=\"canonical\" href=\"https:\/\/sveforsrealty.com\/sv\/sell-your-property\/\" \/>\n<meta property=\"og:locale\" content=\"sv_SE\" \/>\n<meta property=\"og:type\" content=\"article\" \/>\n<meta property=\"og:title\" content=\"Sell your property - Housing Marbella \u2013 Villas, Townhouses, Apartments on Costa del Sol - At Housing Marbella we will not just help you buy a property; we will employ our accumulated experience to ensure that you find the right home at the best price and give you the best service possible throughout the entire process\" \/>\n<meta property=\"og:description\" content=\"Contact with Svefors Realty for sell your property with total safety and speed\" \/>\n<meta property=\"og:url\" content=\"https:\/\/sveforsrealty.com\/sv\/sell-your-property\/\" \/>\n<meta property=\"og:site_name\" content=\"Housing Marbella \u2013 Villas, Townhouses, Apartments on Costa del Sol\" \/>\n<meta property=\"article:publisher\" content=\"https:\/\/www.facebook.com\/SveforsRealty\/\" \/>\n<meta property=\"article:modified_time\" content=\"2022-09-13T09:33:34+00:00\" \/>\n<meta name=\"twitter:card\" content=\"summary_large_image\" \/>\n<meta name=\"twitter:label1\" content=\"Ber\u00e4knad l\u00e4stid\" \/>\n\t<meta name=\"twitter:data1\" content=\"1 minut\" \/>\n<script type=\"application\/ld+json\" class=\"yoast-schema-graph\">{\"@context\":\"https:\\\/\\\/schema.org\",\"@graph\":[{\"@type\":\"WebPage\",\"@id\":\"https:\\\/\\\/sveforsrealty.com\\\/sv\\\/sell-your-property\\\/\",\"url\":\"https:\\\/\\\/sveforsrealty.com\\\/sv\\\/sell-your-property\\\/\",\"name\":\"Sell your property - Housing Marbella \u2013 Villas, Townhouses, Apartments on Costa del Sol - At Housing Marbella we will not just help you buy a property; we will employ our accumulated experience to ensure that you find the right home at the best price and give you the best service possible throughout the entire process\",\"isPartOf\":{\"@id\":\"https:\\\/\\\/sveforsrealty.com\\\/sv\\\/#website\"},\"datePublished\":\"2022-03-16T13:43:31+00:00\",\"dateModified\":\"2022-09-13T09:33:34+00:00\",\"breadcrumb\":{\"@id\":\"https:\\\/\\\/sveforsrealty.com\\\/sv\\\/sell-your-property\\\/#breadcrumb\"},\"inLanguage\":\"sv-SE\",\"potentialAction\":[{\"@type\":\"ReadAction\",\"target\":[\"https:\\\/\\\/sveforsrealty.com\\\/sv\\\/sell-your-property\\\/\"]}]},{\"@type\":\"BreadcrumbList\",\"@id\":\"https:\\\/\\\/sveforsrealty.com\\\/sv\\\/sell-your-property\\\/#breadcrumb\",\"itemListElement\":[{\"@type\":\"ListItem\",\"position\":1,\"name\":\"Home\",\"item\":\"https:\\\/\\\/sveforsrealty.com\\\/sv\\\/\"},{\"@type\":\"ListItem\",\"position\":2,\"name\":\"Sell your property\"}]},{\"@type\":\"WebSite\",\"@id\":\"https:\\\/\\\/sveforsrealty.com\\\/sv\\\/#website\",\"url\":\"https:\\\/\\\/sveforsrealty.com\\\/sv\\\/\",\"name\":\"Housing Marbella \u2013 Villas, Townhouses, Apartments on Costa del Sol\",\"description\":\"At Housing Marbella we will not just help you buy a property; we will employ our accumulated experience to ensure that you find the right home at the best price and give you the best service possible throughout the entire process\",\"publisher\":{\"@id\":\"https:\\\/\\\/sveforsrealty.com\\\/sv\\\/#organization\"},\"potentialAction\":[{\"@type\":\"SearchAction\",\"target\":{\"@type\":\"EntryPoint\",\"urlTemplate\":\"https:\\\/\\\/sveforsrealty.com\\\/sv\\\/?s={search_term_string}\"},\"query-input\":{\"@type\":\"PropertyValueSpecification\",\"valueRequired\":true,\"valueName\":\"search_term_string\"}}],\"inLanguage\":\"sv-SE\"},{\"@type\":\"Organization\",\"@id\":\"https:\\\/\\\/sveforsrealty.com\\\/sv\\\/#organization\",\"name\":\"Svefors Realty | Marbella\",\"url\":\"https:\\\/\\\/sveforsrealty.com\\\/sv\\\/\",\"logo\":{\"@type\":\"ImageObject\",\"inLanguage\":\"sv-SE\",\"@id\":\"https:\\\/\\\/sveforsrealty.com\\\/sv\\\/#\\\/schema\\\/logo\\\/image\\\/\",\"url\":\"https:\\\/\\\/sveforsrealty.com\\\/wp-content\\\/uploads\\\/2022\\\/02\\\/logo-svefors.png\",\"contentUrl\":\"https:\\\/\\\/sveforsrealty.com\\\/wp-content\\\/uploads\\\/2022\\\/02\\\/logo-svefors.png\",\"width\":480,\"height\":102,\"caption\":\"Svefors Realty | Marbella\"},\"image\":{\"@id\":\"https:\\\/\\\/sveforsrealty.com\\\/sv\\\/#\\\/schema\\\/logo\\\/image\\\/\"},\"sameAs\":[\"https:\\\/\\\/www.facebook.com\\\/SveforsRealty\\\/\"]}]}<\/script>\n<!-- \/ Yoast SEO plugin. -->","yoast_head_json":{"title":"Sell your property - Housing Marbella \u2013 Villas, Townhouses, Apartments on Costa del Sol - At Housing Marbella we will not just help you buy a property; we will employ our accumulated experience to ensure that you find the right home at the best price and give you the best service possible throughout the entire process","robots":{"index":"index","follow":"follow","max-snippet":"max-snippet:-1","max-image-preview":"max-image-preview:large","max-video-preview":"max-video-preview:-1"},"canonical":"https:\/\/sveforsrealty.com\/sv\/sell-your-property\/","og_locale":"sv_SE","og_type":"article","og_title":"Sell your property - Housing Marbella \u2013 Villas, Townhouses, Apartments on Costa del Sol - At Housing Marbella we will not just help you buy a property; we will employ our accumulated experience to ensure that you find the right home at the best price and give you the best service possible throughout the entire process","og_description":"Contact with Svefors Realty for sell your property with total safety and speed","og_url":"https:\/\/sveforsrealty.com\/sv\/sell-your-property\/","og_site_name":"Housing Marbella \u2013 Villas, Townhouses, Apartments on Costa del Sol","article_publisher":"https:\/\/www.facebook.com\/SveforsRealty\/","article_modified_time":"2022-09-13T09:33:34+00:00","twitter_card":"summary_large_image","twitter_misc":{"Ber\u00e4knad l\u00e4stid":"1 minut"},"schema":{"@context":"https:\/\/schema.org","@graph":[{"@type":"WebPage","@id":"https:\/\/sveforsrealty.com\/sv\/sell-your-property\/","url":"https:\/\/sveforsrealty.com\/sv\/sell-your-property\/","name":"Sell your property - Housing Marbella \u2013 Villas, Townhouses, Apartments on Costa del Sol - At Housing Marbella we will not just help you buy a property; we will employ our accumulated experience to ensure that you find the right home at the best price and give you the best service possible throughout the entire process","isPartOf":{"@id":"https:\/\/sveforsrealty.com\/sv\/#website"},"datePublished":"2022-03-16T13:43:31+00:00","dateModified":"2022-09-13T09:33:34+00:00","breadcrumb":{"@id":"https:\/\/sveforsrealty.com\/sv\/sell-your-property\/#breadcrumb"},"inLanguage":"sv-SE","potentialAction":[{"@type":"ReadAction","target":["https:\/\/sveforsrealty.com\/sv\/sell-your-property\/"]}]},{"@type":"BreadcrumbList","@id":"https:\/\/sveforsrealty.com\/sv\/sell-your-property\/#breadcrumb","itemListElement":[{"@type":"ListItem","position":1,"name":"Home","item":"https:\/\/sveforsrealty.com\/sv\/"},{"@type":"ListItem","position":2,"name":"Sell your property"}]},{"@type":"WebSite","@id":"https:\/\/sveforsrealty.com\/sv\/#website","url":"https:\/\/sveforsrealty.com\/sv\/","name":"Housing Marbella \u2013 Villas, Townhouses, Apartments on Costa del Sol","description":"At Housing Marbella we will not just help you buy a property; we will employ our accumulated experience to ensure that you find the right home at the best price and give you the best service possible throughout the entire process","publisher":{"@id":"https:\/\/sveforsrealty.com\/sv\/#organization"},"potentialAction":[{"@type":"SearchAction","target":{"@type":"EntryPoint","urlTemplate":"https:\/\/sveforsrealty.com\/sv\/?s={search_term_string}"},"query-input":{"@type":"PropertyValueSpecification","valueRequired":true,"valueName":"search_term_string"}}],"inLanguage":"sv-SE"},{"@type":"Organization","@id":"https:\/\/sveforsrealty.com\/sv\/#organization","name":"Svefors Realty | Marbella","url":"https:\/\/sveforsrealty.com\/sv\/","logo":{"@type":"ImageObject","inLanguage":"sv-SE","@id":"https:\/\/sveforsrealty.com\/sv\/#\/schema\/logo\/image\/","url":"https:\/\/sveforsrealty.com\/wp-content\/uploads\/2022\/02\/logo-svefors.png","contentUrl":"https:\/\/sveforsrealty.com\/wp-content\/uploads\/2022\/02\/logo-svefors.png","width":480,"height":102,"caption":"Svefors Realty | Marbella"},"image":{"@id":"https:\/\/sveforsrealty.com\/sv\/#\/schema\/logo\/image\/"},"sameAs":["https:\/\/www.facebook.com\/SveforsRealty\/"]}]}},"_links":{"self":[{"href":"https:\/\/sveforsrealty.com\/sv\/wp-json\/wp\/v2\/pages\/1872","targetHints":{"allow":["GET"]}}],"collection":[{"href":"https:\/\/sveforsrealty.com\/sv\/wp-json\/wp\/v2\/pages"}],"about":[{"href":"https:\/\/sveforsrealty.com\/sv\/wp-json\/wp\/v2\/types\/page"}],"author":[{"embeddable":true,"href":"https:\/\/sveforsrealty.com\/sv\/wp-json\/wp\/v2\/users\/1"}],"replies":[{"embeddable":true,"href":"https:\/\/sveforsrealty.com\/sv\/wp-json\/wp\/v2\/comments?post=1872"}],"version-history":[{"count":2,"href":"https:\/\/sveforsrealty.com\/sv\/wp-json\/wp\/v2\/pages\/1872\/revisions"}],"predecessor-version":[{"id":2058,"href":"https:\/\/sveforsrealty.com\/sv\/wp-json\/wp\/v2\/pages\/1872\/revisions\/2058"}],"wp:attachment":[{"href":"https:\/\/sveforsrealty.com\/sv\/wp-json\/wp\/v2\/media?parent=1872"}],"curies":[{"name":"wp","href":"https:\/\/api.w.org\/{rel}","templated":true}]}}