{"id":1820,"date":"2021-06-14T12:29:46","date_gmt":"2021-06-14T10:29:46","guid":{"rendered":"https:\/\/sveforsrealty.com\/about-us\/"},"modified":"2024-08-06T12:15:43","modified_gmt":"2024-08-06T10:15:43","slug":"a-propos-de-nous","status":"publish","type":"page","link":"https:\/\/sveforsrealty.com\/fr\/a-propos-de-nous\/","title":{"rendered":"A propos de nous"},"content":{"rendered":"\n<section class=\"wp-block-group container\"><div class=\"wp-block-group__inner-container is-layout-flow wp-block-group-is-layout-flow\">\n<h1 class=\"wp-block-heading has-text-align-center\" id=\"welcome-to-svefors-realty-a-real-estate-agency-founded-byalejandro-svefors-and-geraldine-palmier\">Bienvenue chez<mark style=\"background-color:rgba(0, 0, 0, 0)\" class=\"has-inline-color has-vivid-cyan-blue-color\"> Svefors Realty,<\/mark> une agence immobili\u00e8re <br>fond\u00e9e par Alejandro Svefors et G\u00e9raldine Palmier.<\/h1>\n\n\n\n<div class=\"wp-block-columns collage3 is-layout-flex wp-container-core-columns-is-layout-9d6595d7 wp-block-columns-is-layout-flex\">\n<div class=\"wp-block-column is-layout-flow wp-block-column-is-layout-flow\">\n<figure class=\"wp-block-image size-large is-style-default\"><img loading=\"lazy\" decoding=\"async\" width=\"1400\" height=\"933\" src=\"https:\/\/sveforsrealty.com\/wp-content\/uploads\/2022\/04\/collage1-1400x933.jpg\" alt=\"\" class=\"wp-image-1827\" srcset=\"https:\/\/sveforsrealty.com\/wp-content\/uploads\/2022\/04\/collage1-1400x933.jpg 1400w, https:\/\/sveforsrealty.com\/wp-content\/uploads\/2022\/04\/collage1-800x533.jpg 800w, https:\/\/sveforsrealty.com\/wp-content\/uploads\/2022\/04\/collage1-768x512.jpg 768w, https:\/\/sveforsrealty.com\/wp-content\/uploads\/2022\/04\/collage1-1536x1024.jpg 1536w, https:\/\/sveforsrealty.com\/wp-content\/uploads\/2022\/04\/collage1.jpg 1800w\" sizes=\"auto, (max-width: 1400px) 100vw, 1400px\" \/><\/figure>\n<\/div>\n\n\n\n<div class=\"wp-block-column is-layout-flow wp-block-column-is-layout-flow\">\n<figure class=\"wp-block-image size-large is-style-default\"><img loading=\"lazy\" decoding=\"async\" width=\"1400\" height=\"933\" src=\"https:\/\/sveforsrealty.com\/wp-content\/uploads\/2022\/04\/collage2-1400x933.jpg\" alt=\"\" class=\"wp-image-1828\" srcset=\"https:\/\/sveforsrealty.com\/wp-content\/uploads\/2022\/04\/collage2-1400x933.jpg 1400w, https:\/\/sveforsrealty.com\/wp-content\/uploads\/2022\/04\/collage2-800x533.jpg 800w, https:\/\/sveforsrealty.com\/wp-content\/uploads\/2022\/04\/collage2-768x512.jpg 768w, https:\/\/sveforsrealty.com\/wp-content\/uploads\/2022\/04\/collage2-1536x1024.jpg 1536w, https:\/\/sveforsrealty.com\/wp-content\/uploads\/2022\/04\/collage2.jpg 1800w\" sizes=\"auto, (max-width: 1400px) 100vw, 1400px\" \/><\/figure>\n\n\n\n<p class=\"has-text-align-center\">30 ANS DE<br>EXPERIENCE EN VRAI<br>MARCH\u00c9 IMMOBILIER<\/p>\n<\/div>\n\n\n\n<div class=\"wp-block-column is-layout-flow wp-block-column-is-layout-flow\">\n<figure class=\"wp-block-image size-large is-style-default\"><img loading=\"lazy\" decoding=\"async\" width=\"1400\" height=\"933\" src=\"https:\/\/sveforsrealty.com\/wp-content\/uploads\/2022\/04\/collage3-1400x933.jpg\" alt=\"\" class=\"wp-image-1829\" srcset=\"https:\/\/sveforsrealty.com\/wp-content\/uploads\/2022\/04\/collage3-1400x933.jpg 1400w, https:\/\/sveforsrealty.com\/wp-content\/uploads\/2022\/04\/collage3-800x533.jpg 800w, https:\/\/sveforsrealty.com\/wp-content\/uploads\/2022\/04\/collage3-768x512.jpg 768w, https:\/\/sveforsrealty.com\/wp-content\/uploads\/2022\/04\/collage3-1536x1024.jpg 1536w, https:\/\/sveforsrealty.com\/wp-content\/uploads\/2022\/04\/collage3.jpg 1800w\" sizes=\"auto, (max-width: 1400px) 100vw, 1400px\" \/><\/figure>\n<\/div>\n<\/div>\n<\/div><\/section>\n\n\n\n<section class=\"wp-block-group container\"><div class=\"wp-block-group__inner-container is-layout-flow wp-block-group-is-layout-flow\">\n<div class=\"wp-block-columns is-layout-flex wp-container-core-columns-is-layout-9d6595d7 wp-block-columns-is-layout-flex\">\n<div class=\"wp-block-column is-layout-flow wp-block-column-is-layout-flow\" style=\"flex-basis:15%\"><\/div>\n\n\n\n<div class=\"wp-block-column is-layout-flow wp-block-column-is-layout-flow\" style=\"flex-basis:70%\">\n<p class=\"has-text-align-center\">Nous parlons anglais, su\u00e9dois et espagnol qui sont nos langues maternelles, et nous pouvons \u00e9galement communiquer en fran\u00e7ais.<\/p>\n\n\n\n<p class=\"has-text-align-center\">Notre bureau est situ\u00e9 \u00e0 San Pedro Alc\u00e1ntara \u2013 Marbella, dans la meilleure zone d&rsquo;expansion, \u00e0 quelques pas du centre-ville et tr\u00e8s proche de la promenade qui vous emm\u00e8ne \u00e0 Puerto Ban\u00fas et Marbella.<\/p>\n\n\n\n<p class=\"has-text-align-center\">Notre objectif est d&rsquo;offrir des propri\u00e9t\u00e9s qualifi\u00e9es et un service efficace et professionnel.<\/p>\n<\/div>\n\n\n\n<div class=\"wp-block-column is-layout-flow wp-block-column-is-layout-flow\" style=\"flex-basis:15%\"><\/div>\n<\/div>\n\n\n\n<hr class=\"wp-block-separator has-text-color has-cyan-bluish-gray-color has-css-opacity has-cyan-bluish-gray-background-color has-background is-style-wide mt-5 mb-5\"\/>\n<\/div><\/section>\n\n\n\n<section class=\"wp-block-group container\"><div class=\"wp-block-group__inner-container is-layout-flow wp-block-group-is-layout-flow\">\n<h2 class=\"wp-block-heading has-text-align-center\" id=\"buy-or-sell-properties-with-total-safety-and-speed\">Achetez ou vendez des propri\u00e9t\u00e9s en toute s\u00e9curit\u00e9 et rapidit\u00e9<\/h2>\n\n\n\n<div class=\"wp-block-columns is-layout-flex wp-container-core-columns-is-layout-9d6595d7 wp-block-columns-is-layout-flex\">\n<div class=\"wp-block-column is-layout-flow wp-block-column-is-layout-flow\" style=\"flex-basis:15%\"><\/div>\n\n\n\n<div class=\"wp-block-column is-layout-flow wp-block-column-is-layout-flow\" style=\"flex-basis:70%\">\n<p class=\"has-text-align-center\"><br><br>Si vous \u00eates int\u00e9ress\u00e9 \u00e0 acheter ou \u00e0 vendre des propri\u00e9t\u00e9s dans notre r\u00e9gion, n&rsquo;h\u00e9sitez pas \u00e0 nous contacter et nous nous ferons un plaisir de vous guider tout au long du processus. Nous vous aiderons dans la vente et \/ ou l&rsquo;achat de votre propri\u00e9t\u00e9, en la rendant plus facile et plus s\u00fbre. Nous proposons \u00e9galement une assistance apr\u00e8s-vente, en collaboration avec une grande \u00e9quipe de professionnels, tels que des avocats, des constructeurs, des d\u00e9corateurs, etc.<br><br><br><\/p>\n<\/div>\n\n\n\n<div class=\"wp-block-column is-layout-flow wp-block-column-is-layout-flow\" style=\"flex-basis:15%\"><\/div>\n<\/div>\n\n\n\n<div class=\"wp-block-columns is-layout-flex wp-container-core-columns-is-layout-9d6595d7 wp-block-columns-is-layout-flex\">\n<div class=\"wp-block-column is-layout-flow wp-block-column-is-layout-flow\"><div class=\"wp-block-image is-style-default\">\n<figure class=\"aligncenter size-full\"><img loading=\"lazy\" decoding=\"async\" width=\"423\" height=\"219\" src=\"https:\/\/sveforsrealty.com\/wp-content\/uploads\/2022\/02\/alejandro-muro.jpg\" alt=\"\" class=\"wp-image-1824\"\/><\/figure>\n<\/div>\n\n\n<h5 class=\"wp-block-heading has-text-align-center mt-5 mb-5\" id=\"alejandro-sverfors\">Alejandro Svefors<\/h5>\n\n\n\n<p class=\"has-text-align-center\">N\u00e9 en Su\u00e8de et vivant \u00e0 Marbella depuis 1972. Il a commenc\u00e9 sa carri\u00e8re sur le march\u00e9 immobilier de la Costa del Sol il y a plus de 30 ans. Il parle couramment le su\u00e9dois, l&rsquo;espagnol et l&rsquo;anglais et a une connaissance du fran\u00e7ais.<\/p>\n<\/div>\n\n\n\n<div class=\"wp-block-column is-layout-flow wp-block-column-is-layout-flow\"><div class=\"wp-block-image is-style-default\">\n<figure class=\"aligncenter size-full\"><img loading=\"lazy\" decoding=\"async\" width=\"423\" height=\"219\" src=\"https:\/\/sveforsrealty.com\/wp-content\/uploads\/2022\/02\/geraldine-muro.jpg\" alt=\"\" class=\"wp-image-1825\"\/><\/figure>\n<\/div>\n\n\n<h5 class=\"wp-block-heading has-text-align-center mt-5 mb-5\" id=\"geraldine-palmier\">Geraldine Palmier<\/h5>\n\n\n\n<p class=\"has-text-align-center\">N\u00e9 \u00e0 Gibraltar et vivant \u00e0 Marbella depuis 1978. Avec plus de 30 ans d&rsquo;exp\u00e9rience dans la vente et la location sur le march\u00e9 immobilier de la Costa del Sol. Geraldine parle couramment l&rsquo;anglais et l&rsquo;espagnol et a des connaissances en fran\u00e7ais.<\/p>\n<\/div>\n<\/div>\n\n\n\n<div class=\"wp-block-columns is-layout-flex wp-container-core-columns-is-layout-9d6595d7 wp-block-columns-is-layout-flex\">\n<div class=\"wp-block-column is-layout-flow wp-block-column-is-layout-flow\" style=\"flex-basis:25%\"><\/div>\n\n\n\n<div class=\"wp-block-column is-layout-flow wp-block-column-is-layout-flow\" style=\"flex-basis:50%\"><div class=\"wp-block-image is-style-default\">\n<figure class=\"aligncenter size-full\"><img loading=\"lazy\" decoding=\"async\" width=\"423\" height=\"219\" src=\"https:\/\/sveforsrealty.com\/wp-content\/uploads\/2022\/04\/gina-younis-muro.jpg\" alt=\"\" class=\"wp-image-1826\"\/><\/figure>\n<\/div>\n\n\n<h5 class=\"wp-block-heading has-text-align-center mt-5 mb-5\">Gina Younis<\/h5>\n\n\n\n<p class=\"has-text-align-center\">N\u00e9 \u00e0 Las Palmas, \u00eeles Canaries et vivant \u00e0 Marbella depuis 1984 avec plus de 25 ans d&rsquo;exp\u00e9rience dans la vente sur le march\u00e9 immobilier de la Costa del Sol. Elle parle couramment l&rsquo;espagnol, l&rsquo;anglais et le fran\u00e7ais, avec une connaissance de l&rsquo;arabe (libanais) et de l&rsquo;italien.<\/p>\n<\/div>\n\n\n\n<div class=\"wp-block-column is-layout-flow wp-block-column-is-layout-flow\" style=\"flex-basis:25%\"><\/div>\n<\/div>\n\n\n\n<hr class=\"wp-block-separator has-text-color has-cyan-bluish-gray-color has-css-opacity has-cyan-bluish-gray-background-color has-background is-style-wide mt-5 mb-5\"\/>\n<\/div><\/section>\n\n\n\n<section class=\"wp-block-group container client-recomendations\"><div class=\"wp-block-group__inner-container is-layout-flow wp-block-group-is-layout-flow\">\n<p class=\"has-text-align-center\"><strong>NOS CLIENTS DIT<\/strong><br><br><\/p>\n\n\n<section class=\"client-recomendations\">\n\t\t\t<div class=\"container\">\n\t\t\t\t<div class=\"row\">\n\t\t\t\t\t<div class=\"col12\">\n\t\t\t\t\t\t<!-- wp:heading {\"textAlign\":\"center\",\"level\":4} -->\n<h4 class=\"has-text-align-center\"><em>Brilliant Service - In depth knowledge of the market - Reliable - Friendly - Can\u2019t recommend this company enough! No need to go elsewhere\u2026<\/em><\/h4>\n<!-- \/wp:heading -->\n\n<!-- wp:paragraph -->\n<p><\/p>\n<!-- \/wp:paragraph -->\n\t\t\t\t\t\t<img decoding=\"async\" src=\"https:\/\/sveforsrealty.com\/wp-content\/uploads\/2022\/01\/comment.jpg\" alt=\"SANDRA LORENZO\">\n\t\t\t\t\t\t<div class=\"stars\">\n\t\t\t\t\t\t\t<img loading=\"lazy\" decoding=\"async\" width=\"19\" height=\"19\" style=\"width: 19px;\" alt=\"review-star\" src=\"\/wp-content\/uploads\/2022\/01\/blue-star.png\">\n\t\t\t\t\t\t\t<img loading=\"lazy\" decoding=\"async\" width=\"19\" height=\"19\" style=\"width: 19px;\" alt=\"review-star\" src=\"\/wp-content\/uploads\/2022\/01\/blue-star.png\">\n\t\t\t\t\t\t\t<img loading=\"lazy\" decoding=\"async\" width=\"19\" height=\"19\" style=\"width: 19px;\" alt=\"review-star\" src=\"\/wp-content\/uploads\/2022\/01\/blue-star.png\">\n\t\t\t\t\t\t\t<img loading=\"lazy\" decoding=\"async\" width=\"19\" height=\"19\" style=\"width: 19px;\" alt=\"review-star\" src=\"\/wp-content\/uploads\/2022\/01\/blue-star.png\">\n\t\t\t\t\t\t\t<img loading=\"lazy\" decoding=\"async\" width=\"19\" height=\"19\" style=\"width: 19px;\" alt=\"review-star\" src=\"\/wp-content\/uploads\/2022\/01\/blue-star.png\">\n\t\t\t\t\t\t<\/div>\n\t\t\t\t\t\t<p><strong>SANDRA LORENZO<\/strong><\/p>\n\t\t\t\t\t<\/div>\n\t\t\t\t<\/div>\n\t\t\t<\/div>\n\t\t<\/section>\n<\/div><\/section>\n\n\n\n<div style=\"height:60px\" aria-hidden=\"true\" class=\"wp-block-spacer\"><\/div>\n\n\n\n<section class=\"wp-block-group prior-advise bg-color-blue\"><div class=\"wp-block-group__inner-container is-layout-flow wp-block-group-is-layout-flow\">\n<div class=\"wp-block-columns container is-layout-flex wp-container-core-columns-is-layout-9d6595d7 wp-block-columns-is-layout-flex\">\n<div class=\"wp-block-column svefors-advice p-5 is-layout-flow wp-block-column-is-layout-flow\">\n<p>Chez Svefors Realty, nous \u00e9tudions et analysons soigneusement vos besoins et vos exigences, afin de vous proposer une liste des propri\u00e9t\u00e9s les plus appropri\u00e9es pour vous.<\/p>\n\n\n\n<p class=\"has-text-align-right quote\">Trouvez la maison de vos r\u00eaves avec nos plus exclusives promotios. Faites-nous savoir ce qui est important pour vous, comme les vues, la distance de marche des installations, le front de mer, la proximit\u00e9 des \u00e9coles, le nombre de chambres, la superficie, etc., sachant ce qui est important pour vous, il est plus facile de trouver ce que vous cherchez . La Costa del Sol vous offre la possibilit\u00e9 d&rsquo;avoir la maison que vous avez toujours imagin\u00e9e<\/p>\n<\/div>\n\n\n\n<div class=\"wp-block-column p-5 position-relative svefors-advice-image is-layout-flow wp-block-column-is-layout-flow\">\n<figure class=\"wp-block-image size-full\"><img loading=\"lazy\" decoding=\"async\" width=\"1280\" height=\"719\" src=\"https:\/\/sveforsrealty.com\/wp-content\/uploads\/2022\/01\/323.jpg\" alt=\"\" class=\"wp-image-1808\" srcset=\"https:\/\/sveforsrealty.com\/wp-content\/uploads\/2022\/01\/323.jpg 1280w, https:\/\/sveforsrealty.com\/wp-content\/uploads\/2022\/01\/323-800x449.jpg 800w, https:\/\/sveforsrealty.com\/wp-content\/uploads\/2022\/01\/323-768x431.jpg 768w\" sizes=\"auto, (max-width: 1280px) 100vw, 1280px\" \/><\/figure>\n\n\n\n<div class=\"wp-block-buttons is-layout-flex wp-block-buttons-is-layout-flex\">\n<div class=\"wp-block-button round-button\"><a class=\"wp-block-button__link wp-element-button\" href=\"\/fr\/nouveaux-developpements.html\">Voire notre<br>dernier Nouveau<br>D\u00e9veloppements<\/a><\/div>\n<\/div>\n<\/div>\n<\/div>\n<\/div><\/section>\n","protected":false},"excerpt":{"rendered":"<p>Bienvenue chez Svefors Realty, une agence immobili\u00e8re fond\u00e9e par Alejandro Svefors et G\u00e9raldine Palmier. 30 ANS DEEXPERIENCE EN VRAIMARCH\u00c9 IMMOBILIER Nous parlons anglais, su\u00e9dois et espagnol qui sont nos langues maternelles, et nous pouvons \u00e9galement communiquer en fran\u00e7ais. Notre bureau est situ\u00e9 \u00e0 San Pedro Alc\u00e1ntara \u2013 Marbella, dans la meilleure zone d&rsquo;expansion, \u00e0 quelques [&hellip;]<\/p>\n","protected":false},"author":2,"featured_media":0,"parent":0,"menu_order":0,"comment_status":"closed","ping_status":"closed","template":"templates\/about.php","meta":{"inline_featured_image":false,"footnotes":""},"class_list":["post-1820","page","type-page","status-publish","hentry"],"yoast_head":"<!-- This site is optimized with the Yoast SEO plugin v27.4 - https:\/\/yoast.com\/product\/yoast-seo-wordpress\/ -->\n<title>A propos de nous - Esteralis Realty - Agent immobilier exp\u00e9riment\u00e9 et enthousiaste<\/title>\n<meta name=\"robots\" content=\"index, follow, max-snippet:-1, max-image-preview:large, max-video-preview:-1\" \/>\n<link rel=\"canonical\" href=\"https:\/\/sveforsrealty.com\/fr\/a-propos-de-nous\/\" \/>\n<meta property=\"og:locale\" content=\"fr_FR\" \/>\n<meta property=\"og:type\" content=\"article\" \/>\n<meta property=\"og:title\" content=\"A propos de nous - Esteralis Realty - Agent immobilier exp\u00e9riment\u00e9 et enthousiaste\" \/>\n<meta property=\"og:description\" content=\"Bienvenue chez Svefors Realty, une agence immobili\u00e8re fond\u00e9e par Alejandro Svefors et G\u00e9raldine Palmier. 30 ANS DEEXPERIENCE EN VRAIMARCH\u00c9 IMMOBILIER Nous parlons anglais, su\u00e9dois et espagnol qui sont nos langues maternelles, et nous pouvons \u00e9galement communiquer en fran\u00e7ais. Notre bureau est situ\u00e9 \u00e0 San Pedro Alc\u00e1ntara \u2013 Marbella, dans la meilleure zone d&rsquo;expansion, \u00e0 quelques [&hellip;]\" \/>\n<meta property=\"og:url\" content=\"https:\/\/sveforsrealty.com\/fr\/a-propos-de-nous\/\" \/>\n<meta property=\"og:site_name\" content=\"Esteralis Realty\" \/>\n<meta property=\"article:publisher\" content=\"https:\/\/www.facebook.com\/SveforsRealty\/\" \/>\n<meta property=\"article:modified_time\" content=\"2024-08-06T10:15:43+00:00\" \/>\n<meta property=\"og:image\" content=\"https:\/\/sveforsrealty.com\/wp-content\/uploads\/2022\/04\/collage1-1400x933.jpg\" \/>\n<meta name=\"twitter:card\" content=\"summary_large_image\" \/>\n<meta name=\"twitter:label1\" content=\"Dur\u00e9e de lecture estim\u00e9e\" \/>\n\t<meta name=\"twitter:data1\" content=\"4 minutes\" \/>\n<script type=\"application\/ld+json\" class=\"yoast-schema-graph\">{\"@context\":\"https:\\\/\\\/schema.org\",\"@graph\":[{\"@type\":\"WebPage\",\"@id\":\"https:\\\/\\\/sveforsrealty.com\\\/fr\\\/a-propos-de-nous\\\/\",\"url\":\"https:\\\/\\\/sveforsrealty.com\\\/fr\\\/a-propos-de-nous\\\/\",\"name\":\"A propos de nous - Esteralis Realty - Agent immobilier exp\u00e9riment\u00e9 et enthousiaste\",\"isPartOf\":{\"@id\":\"https:\\\/\\\/sveforsrealty.com\\\/fr\\\/#website\"},\"primaryImageOfPage\":{\"@id\":\"https:\\\/\\\/sveforsrealty.com\\\/fr\\\/a-propos-de-nous\\\/#primaryimage\"},\"image\":{\"@id\":\"https:\\\/\\\/sveforsrealty.com\\\/fr\\\/a-propos-de-nous\\\/#primaryimage\"},\"thumbnailUrl\":\"https:\\\/\\\/sveforsrealty.com\\\/wp-content\\\/uploads\\\/2022\\\/04\\\/collage1-1400x933.jpg\",\"datePublished\":\"2021-06-14T10:29:46+00:00\",\"dateModified\":\"2024-08-06T10:15:43+00:00\",\"breadcrumb\":{\"@id\":\"https:\\\/\\\/sveforsrealty.com\\\/fr\\\/a-propos-de-nous\\\/#breadcrumb\"},\"inLanguage\":\"fr-FR\",\"potentialAction\":[{\"@type\":\"ReadAction\",\"target\":[\"https:\\\/\\\/sveforsrealty.com\\\/fr\\\/a-propos-de-nous\\\/\"]}]},{\"@type\":\"ImageObject\",\"inLanguage\":\"fr-FR\",\"@id\":\"https:\\\/\\\/sveforsrealty.com\\\/fr\\\/a-propos-de-nous\\\/#primaryimage\",\"url\":\"https:\\\/\\\/sveforsrealty.com\\\/wp-content\\\/uploads\\\/2022\\\/04\\\/collage1-1400x933.jpg\",\"contentUrl\":\"https:\\\/\\\/sveforsrealty.com\\\/wp-content\\\/uploads\\\/2022\\\/04\\\/collage1-1400x933.jpg\"},{\"@type\":\"BreadcrumbList\",\"@id\":\"https:\\\/\\\/sveforsrealty.com\\\/fr\\\/a-propos-de-nous\\\/#breadcrumb\",\"itemListElement\":[{\"@type\":\"ListItem\",\"position\":1,\"name\":\"Home\",\"item\":\"https:\\\/\\\/sveforsrealty.com\\\/fr\\\/\"},{\"@type\":\"ListItem\",\"position\":2,\"name\":\"A propos de nous\"}]},{\"@type\":\"WebSite\",\"@id\":\"https:\\\/\\\/sveforsrealty.com\\\/fr\\\/#website\",\"url\":\"https:\\\/\\\/sveforsrealty.com\\\/fr\\\/\",\"name\":\"Esteralis Realty\",\"description\":\"Agent immobilier exp\u00e9riment\u00e9 et enthousiaste\",\"publisher\":{\"@id\":\"https:\\\/\\\/sveforsrealty.com\\\/fr\\\/#organization\"},\"potentialAction\":[{\"@type\":\"SearchAction\",\"target\":{\"@type\":\"EntryPoint\",\"urlTemplate\":\"https:\\\/\\\/sveforsrealty.com\\\/fr\\\/?s={search_term_string}\"},\"query-input\":{\"@type\":\"PropertyValueSpecification\",\"valueRequired\":true,\"valueName\":\"search_term_string\"}}],\"inLanguage\":\"fr-FR\"},{\"@type\":\"Organization\",\"@id\":\"https:\\\/\\\/sveforsrealty.com\\\/fr\\\/#organization\",\"name\":\"Svefors Realty | Marbella\",\"url\":\"https:\\\/\\\/sveforsrealty.com\\\/fr\\\/\",\"logo\":{\"@type\":\"ImageObject\",\"inLanguage\":\"fr-FR\",\"@id\":\"https:\\\/\\\/sveforsrealty.com\\\/fr\\\/#\\\/schema\\\/logo\\\/image\\\/\",\"url\":\"https:\\\/\\\/sveforsrealty.com\\\/wp-content\\\/uploads\\\/2022\\\/02\\\/logo-svefors.png\",\"contentUrl\":\"https:\\\/\\\/sveforsrealty.com\\\/wp-content\\\/uploads\\\/2022\\\/02\\\/logo-svefors.png\",\"width\":480,\"height\":102,\"caption\":\"Svefors Realty | Marbella\"},\"image\":{\"@id\":\"https:\\\/\\\/sveforsrealty.com\\\/fr\\\/#\\\/schema\\\/logo\\\/image\\\/\"},\"sameAs\":[\"https:\\\/\\\/www.facebook.com\\\/SveforsRealty\\\/\"]}]}<\/script>\n<!-- \/ Yoast SEO plugin. -->","yoast_head_json":{"title":"A propos de nous - Esteralis Realty - Agent immobilier exp\u00e9riment\u00e9 et enthousiaste","robots":{"index":"index","follow":"follow","max-snippet":"max-snippet:-1","max-image-preview":"max-image-preview:large","max-video-preview":"max-video-preview:-1"},"canonical":"https:\/\/sveforsrealty.com\/fr\/a-propos-de-nous\/","og_locale":"fr_FR","og_type":"article","og_title":"A propos de nous - Esteralis Realty - Agent immobilier exp\u00e9riment\u00e9 et enthousiaste","og_description":"Bienvenue chez Svefors Realty, une agence immobili\u00e8re fond\u00e9e par Alejandro Svefors et G\u00e9raldine Palmier. 30 ANS DEEXPERIENCE EN VRAIMARCH\u00c9 IMMOBILIER Nous parlons anglais, su\u00e9dois et espagnol qui sont nos langues maternelles, et nous pouvons \u00e9galement communiquer en fran\u00e7ais. Notre bureau est situ\u00e9 \u00e0 San Pedro Alc\u00e1ntara \u2013 Marbella, dans la meilleure zone d&rsquo;expansion, \u00e0 quelques [&hellip;]","og_url":"https:\/\/sveforsrealty.com\/fr\/a-propos-de-nous\/","og_site_name":"Esteralis Realty","article_publisher":"https:\/\/www.facebook.com\/SveforsRealty\/","article_modified_time":"2024-08-06T10:15:43+00:00","og_image":[{"url":"https:\/\/sveforsrealty.com\/wp-content\/uploads\/2022\/04\/collage1-1400x933.jpg","type":"","width":"","height":""}],"twitter_card":"summary_large_image","twitter_misc":{"Dur\u00e9e de lecture estim\u00e9e":"4 minutes"},"schema":{"@context":"https:\/\/schema.org","@graph":[{"@type":"WebPage","@id":"https:\/\/sveforsrealty.com\/fr\/a-propos-de-nous\/","url":"https:\/\/sveforsrealty.com\/fr\/a-propos-de-nous\/","name":"A propos de nous - Esteralis Realty - Agent immobilier exp\u00e9riment\u00e9 et enthousiaste","isPartOf":{"@id":"https:\/\/sveforsrealty.com\/fr\/#website"},"primaryImageOfPage":{"@id":"https:\/\/sveforsrealty.com\/fr\/a-propos-de-nous\/#primaryimage"},"image":{"@id":"https:\/\/sveforsrealty.com\/fr\/a-propos-de-nous\/#primaryimage"},"thumbnailUrl":"https:\/\/sveforsrealty.com\/wp-content\/uploads\/2022\/04\/collage1-1400x933.jpg","datePublished":"2021-06-14T10:29:46+00:00","dateModified":"2024-08-06T10:15:43+00:00","breadcrumb":{"@id":"https:\/\/sveforsrealty.com\/fr\/a-propos-de-nous\/#breadcrumb"},"inLanguage":"fr-FR","potentialAction":[{"@type":"ReadAction","target":["https:\/\/sveforsrealty.com\/fr\/a-propos-de-nous\/"]}]},{"@type":"ImageObject","inLanguage":"fr-FR","@id":"https:\/\/sveforsrealty.com\/fr\/a-propos-de-nous\/#primaryimage","url":"https:\/\/sveforsrealty.com\/wp-content\/uploads\/2022\/04\/collage1-1400x933.jpg","contentUrl":"https:\/\/sveforsrealty.com\/wp-content\/uploads\/2022\/04\/collage1-1400x933.jpg"},{"@type":"BreadcrumbList","@id":"https:\/\/sveforsrealty.com\/fr\/a-propos-de-nous\/#breadcrumb","itemListElement":[{"@type":"ListItem","position":1,"name":"Home","item":"https:\/\/sveforsrealty.com\/fr\/"},{"@type":"ListItem","position":2,"name":"A propos de nous"}]},{"@type":"WebSite","@id":"https:\/\/sveforsrealty.com\/fr\/#website","url":"https:\/\/sveforsrealty.com\/fr\/","name":"Esteralis Realty","description":"Agent immobilier exp\u00e9riment\u00e9 et enthousiaste","publisher":{"@id":"https:\/\/sveforsrealty.com\/fr\/#organization"},"potentialAction":[{"@type":"SearchAction","target":{"@type":"EntryPoint","urlTemplate":"https:\/\/sveforsrealty.com\/fr\/?s={search_term_string}"},"query-input":{"@type":"PropertyValueSpecification","valueRequired":true,"valueName":"search_term_string"}}],"inLanguage":"fr-FR"},{"@type":"Organization","@id":"https:\/\/sveforsrealty.com\/fr\/#organization","name":"Svefors Realty | Marbella","url":"https:\/\/sveforsrealty.com\/fr\/","logo":{"@type":"ImageObject","inLanguage":"fr-FR","@id":"https:\/\/sveforsrealty.com\/fr\/#\/schema\/logo\/image\/","url":"https:\/\/sveforsrealty.com\/wp-content\/uploads\/2022\/02\/logo-svefors.png","contentUrl":"https:\/\/sveforsrealty.com\/wp-content\/uploads\/2022\/02\/logo-svefors.png","width":480,"height":102,"caption":"Svefors Realty | Marbella"},"image":{"@id":"https:\/\/sveforsrealty.com\/fr\/#\/schema\/logo\/image\/"},"sameAs":["https:\/\/www.facebook.com\/SveforsRealty\/"]}]}},"_links":{"self":[{"href":"https:\/\/sveforsrealty.com\/fr\/wp-json\/wp\/v2\/pages\/1820","targetHints":{"allow":["GET"]}}],"collection":[{"href":"https:\/\/sveforsrealty.com\/fr\/wp-json\/wp\/v2\/pages"}],"about":[{"href":"https:\/\/sveforsrealty.com\/fr\/wp-json\/wp\/v2\/types\/page"}],"author":[{"embeddable":true,"href":"https:\/\/sveforsrealty.com\/fr\/wp-json\/wp\/v2\/users\/2"}],"replies":[{"embeddable":true,"href":"https:\/\/sveforsrealty.com\/fr\/wp-json\/wp\/v2\/comments?post=1820"}],"version-history":[{"count":10,"href":"https:\/\/sveforsrealty.com\/fr\/wp-json\/wp\/v2\/pages\/1820\/revisions"}],"predecessor-version":[{"id":2401,"href":"https:\/\/sveforsrealty.com\/fr\/wp-json\/wp\/v2\/pages\/1820\/revisions\/2401"}],"wp:attachment":[{"href":"https:\/\/sveforsrealty.com\/fr\/wp-json\/wp\/v2\/media?parent=1820"}],"curies":[{"name":"wp","href":"https:\/\/api.w.org\/{rel}","templated":true}]}}