{"id":522,"date":"2021-06-10T08:43:20","date_gmt":"2021-06-10T06:43:20","guid":{"rendered":"https:\/\/sveforsrealty.com\/privacy-policy\/"},"modified":"2022-05-10T12:51:24","modified_gmt":"2022-05-10T10:51:24","slug":"politica-de-privacidad","status":"publish","type":"page","link":"https:\/\/sveforsrealty.com\/es\/politica-de-privacidad\/","title":{"rendered":"Pol\u00edtica de Privacidad"},"content":{"rendered":"\n<div class=\"wp-block-group container\"><div class=\"wp-block-group__inner-container is-layout-flow wp-block-group-is-layout-flow\">\n<h1 class=\"wp-block-heading\">Pol\u00edtica de Privacidad<\/h1>\n\n\n\n<h4 class=\"wp-block-heading\">Reglamento General de Protecci\u00f3n de datos (\u00abGDPR\u00bb)<\/h4>\n\n\n\n<p>La&nbsp;<strong>GDPR<\/strong>&nbsp;es una ley que establece las reglas de correo electr\u00f3nico comercial, establece los requisitos para los mensajes comerciales, da a los destinatarios el derecho a que no se les env\u00eden correos electr\u00f3nicos, y establece sanciones severas para las violaciones.&nbsp;<strong>Recogemos su direcci\u00f3n de correo electr\u00f3nico para:<\/strong><\/p>\n\n\n\n<ul class=\"wp-block-list\"><li>Enviar informaci\u00f3n, responder a sus preguntas, y\/o otras peticiones o preguntas<\/li><li>Continuar enviando correos electr\u00f3nicos con ofertas despu\u00e9s de que la transacci\u00f3n original se ha producido.<\/li><\/ul>\n\n\n\n<p><strong>Para estar en conformidad con GDPR, acordamos lo siguiente:<\/strong><\/p>\n\n\n\n<ul class=\"wp-block-list\"><li>No utilizar temas ni direcciones de correo electr\u00f3nico falsos o enga\u00f1osos.<\/li><li>Identificar el mensaje como un anuncio de modo razonable.<\/li><li>Incluir la direcci\u00f3n f\u00edsica de nuestro negocio o sede.<\/li><li>Monitorear correos electr\u00f3nicos de terceros para el cumplimiento de servicios de marketing, si se utiliza alguno.<\/li><li>Respetar las peticiones de cancelar suscripci\u00f3n r\u00e1pidamente.<\/li><li>Permitir a los usuarios cancelar su suscripci\u00f3n usando el enlace en la parte inferior de cada correo electr\u00f3nico.<\/li><\/ul>\n\n\n\n<h4 class=\"wp-block-heading\">\u00bfQu\u00e9 informaci\u00f3n personal recogemos de la gente que visita nuestro sitio web?<\/h4>\n\n\n\n<p>Al realizar un pedido o registrarse en nuestro sitio web, en su caso, se le pedir\u00e1 que introduzca su nombre, direcci\u00f3n de correo electr\u00f3nico, n\u00famero de tel\u00e9fono u otra informaci\u00f3n para ayudarle con su experiencia.<\/p>\n\n\n\n<h4 class=\"wp-block-heading\">\u00bfCu\u00e1ndo recopilamos informaci\u00f3n?<\/h4>\n\n\n\n<ul class=\"wp-block-list\"><li>Cuando usted llena un formulario o abre un ticket de soporte<\/li><li>Cuando usted se subscribe a nuestras ofertas<\/li><li>Cuando nos env\u00eda un correo<\/li><\/ul>\n\n\n\n<h4 class=\"wp-block-heading\">\u00bfC\u00f3mo usamos su informaci\u00f3n?<\/h4>\n\n\n\n<p>Podemos utilizar la informaci\u00f3n que recogemos de usted cuando usted se registra, hacer una compra, se suscribe a nuestro bolet\u00edn, responde a una encuesta de marketing, navega por la web o utiliza algunas otras caracter\u00edsticas del sitio de las siguientes maneras:<\/p>\n\n\n\n<ul class=\"wp-block-list\"><li>Para personalizar su experiencia y permitirnos ofrecerle el tipo de contenido y ofertas de productos que m\u00e1s le interesen.<\/li><li>Para mejorar nuestro sitio web con el fin de atenderle mejor.<\/li><li>Para enviar correos electr\u00f3nicos peri\u00f3dicos sobre su pedido o de otros productos y servicios.<\/li><li>Dar seguimiento de ellos despu\u00e9s de correspondencia (chat, email o tel\u00e9fono).<\/li><\/ul>\n\n\n\n<h4 class=\"wp-block-heading\">\u00bfC\u00f3mo protegemos su informaci\u00f3n?<\/h4>\n\n\n\n<p>Nuestro sitio web analiza regularmente los agujeros de seguridad y vulnerabilidad conocidos para hacer que su visita a nuestro sitio sea lo m\u00e1s seguro posible. Utilizamos Escaneado de Malware Est\u00e1ndar.<\/p>\n\n\n\n<ul class=\"wp-block-list\"><li>Su informaci\u00f3n personal se guarda bajo redes seguras y s\u00f3lo es accesible por un n\u00famero limitado de personas que tienen derechos especiales de acceso a dichos sistemas, y est\u00e1n obligados a mantener la confidencialidad de la informaci\u00f3n. Adem\u00e1s, toda informaci\u00f3n sensible o de cr\u00e9dito que proporcione est\u00e1 cifrada a trav\u00e9s de la tecnolog\u00eda Secure Socket Layer (SSL).<\/li><li>Implementamos una variedad de medidas de seguridad cuando un usuario entra, sostiene, o accede a su informaci\u00f3n para mantener la seguridad de su informaci\u00f3n personal.<\/li><li>Todas las transacciones se procesan a trav\u00e9s de una puerta de enlace del proveedor y no son almacenadas o procesadas en nuestros servidores.<\/li><\/ul>\n\n\n\n<h4 class=\"wp-block-heading\">Su informaci\u00f3n<\/h4>\n\n\n\n<p>Usted tiene derecho a conocer en todo momento los datos que disponemos de usted (derecho de acceso), a solicitar la rectificaci\u00f3n de aquellos datos que sean err\u00f3neos (derecho de rectificaci\u00f3n), a que se eliminen los datos que tenemos sobre usted (derecho de cancelaci\u00f3n), a que su utilicen en los tratamientos que usted indique (derecho de oposici\u00f3n) y al resto de derecho que la legislaci\u00f3n vigente le reconoce. El ejercicio de sus derechos puede hacerlo mediante comunicaci\u00f3n a la direcci\u00f3n de correo electr\u00f3nico <a href=\"mailto:info@sveforsrealty.com\">info@sveforsrealty.com<\/a> o mediante carta a la direcci\u00f3n de nuestra oficina (Avda. Burgos, Residencial Acqua, Blq. 4, local 2, 29670 San Pedro Alcantara).<\/p>\n\n\n\n<h4 class=\"wp-block-heading\">\u00bfUtilizamos \u00abcookies\u00bb?<\/h4>\n\n\n\n<p>S\u00ed. Las cookies son peque\u00f1os archivos que un sitio o su proveedor de servicios transfiere al disco duro de su ordenador mediante el navegador Web (si usted lo permite) para que el sitio o los sistemas del proveedor de servicios reconozcan su navegador y recuerden cierta informaci\u00f3n.<br>Por ejemplo, usamos cookies para ayudarnos a recordar y procesar los art\u00edculos en su carrito de compra. Tambi\u00e9n se utilizan para ayudarnos a entender sus preferencias sobre la base de la actividad del sitio anterior o actual, lo cual nos permite proporcionarle servicios mejorados.<br>Tambi\u00e9n utilizamos cookies para ayudarnos a compilar datos agregados sobre el tr\u00e1fico y la interacci\u00f3n del sitio para que podamos ofrecer mejores experiencias de navegaci\u00f3n y herramientas en el futuro.<\/p>\n\n\n\n<h4 class=\"wp-block-heading\">Utilizamos cookies para:<\/h4>\n\n\n\n<ul class=\"wp-block-list\"><li>Entender y guardar las preferencias del usuario para futuras visitas.<\/li><\/ul>\n\n\n\n<p>Usted puede elegir que su ordenador le avise cada vez que se env\u00eda una cookie, o puede elegir desactivar todas las cookies. Esto se hace mediante la configuraci\u00f3n de su navegador. Como cada navegador es un poco diferente, busque en el men\u00fa de ayuda de su navegador para aprender la manera correcta de modificar sus cookies.<br>Si desactiva las cookies, algunas de las caracter\u00edsticas que hacen que su experiencia en el sitio sea m\u00e1s eficiente puede no funcionar correctamente. No afectar\u00e1n la experiencia de usuario que hace que su navegaci\u00f3n en el sitio sea m\u00e1s eficiente y puede que no funcione correctamente.<\/p>\n\n\n\n<h4 class=\"wp-block-heading\">Divulgaci\u00f3n a terceros<\/h4>\n\n\n\n<p>No vendemos, ni comerciamos, ni transferimos a terceros su informaci\u00f3n personal identificable.<\/p>\n\n\n\n<h4 class=\"wp-block-heading\">Enlaces de terceros<\/h4>\n\n\n\n<p>Ocasionalmente, a nuestra discreci\u00f3n, podemos incluir u ofrecer productos o servicios de terceros en nuestro sitio web. Estos sitios de terceros tienen pol\u00edticas de privacidad separadas e independientes.<br>Por lo tanto, no tenemos responsabilidad alguna por los contenidos y actividades de estos sitios vinculados. Sin embargo, tratamos de proteger la integridad de nuestro sitio y agradecemos cualquier comentario sobre estos sitios.<\/p>\n\n\n\n<h4 class=\"wp-block-heading\">Google<\/h4>\n\n\n\n<p>Los requisitos de publicidad de Google se puede resumir en los principios de publicidad de Google. Se ponen en el lugar para proporcionar una experiencia positiva para los usuarios. &#8230;<strong><a href=\"https:\/\/support.google.com\/adwordspolicy\/answer\/6008942?hl=es&amp;visit_id=1-636630897218262543-292058043&amp;rd=1\" target=\"_blank\" rel=\"noreferrer noopener\">Leer m\u00e1s<\/a><\/strong><\/p>\n\n\n\n<ul class=\"wp-block-list\"><li>Utilizamos Google Tracking Script en nuestro sitio web<\/li><\/ul>\n\n\n\n<p>Google, como proveedor de terceros, utiliza cookies para mostar anuncios en nuestro sitio. El uso de Google de la cookie DART le permite mostrar anuncios a nuestros usuarios basados en anteriores visitas a nuestro sitio y otros sitios en el Internet. Los usuarios pueden deshabilitar el uso de la cookie DART a trav\u00e9s del anuncio de Google de su pol\u00edtica de privacidad de contenidos en red.<\/p>\n\n\n\n<p><strong>Hemos implementado lo siguiente:<\/strong><\/p>\n\n\n\n<ul class=\"wp-block-list\"><li>Remarketing con Google AdSense<\/li><li>Informes de Google para impresiones de muestras en la red<\/li><li>Informes demogr\u00e1ficos y de intereses<\/li><li>Integraci\u00f3n de plataforma DoubleClick<\/li><\/ul>\n\n\n\n<p>Nosotros, junto con otros proveedores como Google, utilizamos: cookies de primera instancia (como las cookies de Google Analytics), cookies de terceros (como, por ejemplo, la cookie de DoubleClick) y otros identificadores de terceros conjuntamente para recopilar datos acerca de las interacciones del usuario con impresiones publicitarias y otras funciones de servicio de marketing en lo que se refiere a nuestro sitio web.<\/p>\n\n\n\n<h4 class=\"wp-block-heading\">Deshabilitar:<\/h4>\n\n\n\n<p>Los usuarios pueden configurar las preferencias de c\u00f3mo Google anuncia a trav\u00e9s de la p\u00e1gina de configuraci\u00f3n de anuncios de Google. Alternativamente, usted puede optar por visitar la p\u00e1gina de iniciativa de deshabilitaci\u00f3n de publicidad en red (opt-out) o utilizar la p\u00e1gina de Google Analytics opt-out Browser add on ( deshabilitaci\u00f3n de add on para buscadores ).<\/p>\n\n\n\n<h4 class=\"wp-block-heading\">Protecci\u00f3n de la privacidad en l\u00ednea<\/h4>\n\n\n\n<p>Los usuarios pueden visitar nuestro sitio web de forma an\u00f3nima.<\/p>\n\n\n\n<p>Una vez que se haya creado esta pol\u00edtica de privacidad, vamos a a\u00f1adir un enlace a ella en nuestra p\u00e1gina de inicio o, como m\u00ednimo, en la primera p\u00e1gina importante despu\u00e9s de entrar a nuestro sitio.<\/p>\n\n\n\n<p>Nuestro enlace a nuestra \u00abPol\u00edtica de Privacidad\u00bb incluye la palabra \u00abPrivacidad\u00bb y se pueden encontrar f\u00e1cilmente en la p\u00e1gina especificada anteriormente.<\/p>\n\n\n\n<p>Usted ser\u00e1 notificado de cualquier cambio en la pol\u00edtica de privacidad:<\/p>\n\n\n\n<ul class=\"wp-block-list\"><li>En nuestra p\u00e1gina de Pol\u00edtica de Privacidad<\/li><\/ul>\n\n\n\n<p>Puede cambiar su informaci\u00f3n personal:<\/p>\n\n\n\n<ul class=\"wp-block-list\"><li>Mand\u00e1ndonos un correo<\/li><\/ul>\n\n\n\n<h4 class=\"wp-block-heading\">\u00bfC\u00f3mo maneja nuestro sitio las se\u00f1ales de \u00abNo buscar pistas\u00bb?<\/h4>\n\n\n\n<p>Respetamos las preferencias del usuario de no leer sus \u00abse\u00f1ales y pistas\u00bb&nbsp; y no plantamos cookies, ni utilizamos publicidad cuando el mecanismo del buscador de \u00abNo Track\u00bb (DNT) est\u00e1 activado.<\/p>\n\n\n\n<h4 class=\"wp-block-heading\">\u00bfPermite nuestro sitio el seguimiento de su comportamiento por terceras partes?<\/h4>\n\n\n\n<p>Es importante destacar que no permitimos el seguimiento de su comportamiento por terceros si as\u00ed lo ha decidido.<\/p>\n\n\n\n<p><strong>Si en alg\u00fan momento desea dejar de recibir futuros correos electr\u00f3nicos<\/strong><\/p>\n\n\n\n<ul class=\"wp-block-list\"><li>Siga las instrucciones que aparecen en la parte inferior de cada correo de marketing y pararemos de enviarle correspondencia.<\/li><\/ul>\n\n\n\n<h4 class=\"wp-block-heading\">Cont\u00e1ctenos<\/h4>\n\n\n\n<p>Si tiene alguna duda acerca de nuestra pol\u00edtica de privacidad ,<strong><a href=\"https:\/\/sveforsrealty.com\/es\/contact\/\" target=\"_blank\" rel=\"noreferrer noopener\"> cont\u00e1ctenos<\/a><\/strong>.<\/p>\n<\/div><\/div>\n","protected":false},"excerpt":{"rendered":"<p>Pol\u00edtica de Privacidad Reglamento General de Protecci\u00f3n de datos (\u00abGDPR\u00bb) La&nbsp;GDPR&nbsp;es una ley que establece las reglas de correo electr\u00f3nico comercial, establece los requisitos para los mensajes comerciales, da a los destinatarios el derecho a que no se les env\u00eden correos electr\u00f3nicos, y establece sanciones severas para las violaciones.&nbsp;Recogemos su direcci\u00f3n de correo electr\u00f3nico para: [&hellip;]<\/p>\n","protected":false},"author":1,"featured_media":0,"parent":0,"menu_order":0,"comment_status":"closed","ping_status":"open","template":"","meta":{"inline_featured_image":false,"footnotes":""},"class_list":["post-522","page","type-page","status-publish","hentry"],"yoast_head":"<!-- This site is optimized with the Yoast SEO plugin v27.3 - https:\/\/yoast.com\/product\/yoast-seo-wordpress\/ -->\n<title>Pol\u00edtica de Privacidad - Svefors Realty | Marbella - Svefors Realty, m\u00e1s de 20 a\u00f1os de experiencia en el mercado inmobiliaria en la Costa del Sol.<\/title>\n<meta name=\"robots\" content=\"index, follow, max-snippet:-1, max-image-preview:large, max-video-preview:-1\" \/>\n<link rel=\"canonical\" href=\"https:\/\/sveforsrealty.com\/es\/politica-de-privacidad\/\" \/>\n<meta property=\"og:locale\" content=\"es_ES\" \/>\n<meta property=\"og:type\" content=\"article\" \/>\n<meta property=\"og:title\" content=\"Pol\u00edtica de Privacidad - Svefors Realty | Marbella - Svefors Realty, m\u00e1s de 20 a\u00f1os de experiencia en el mercado inmobiliaria en la Costa del Sol.\" \/>\n<meta property=\"og:description\" content=\"Pol\u00edtica de Privacidad Reglamento General de Protecci\u00f3n de datos (\u00abGDPR\u00bb) La&nbsp;GDPR&nbsp;es una ley que establece las reglas de correo electr\u00f3nico comercial, establece los requisitos para los mensajes comerciales, da a los destinatarios el derecho a que no se les env\u00eden correos electr\u00f3nicos, y establece sanciones severas para las violaciones.&nbsp;Recogemos su direcci\u00f3n de correo electr\u00f3nico para: [&hellip;]\" \/>\n<meta property=\"og:url\" content=\"https:\/\/sveforsrealty.com\/es\/politica-de-privacidad\/\" \/>\n<meta property=\"og:site_name\" content=\"Svefors Realty | Marbella\" \/>\n<meta property=\"article:publisher\" content=\"https:\/\/www.facebook.com\/SveforsRealty\/\" \/>\n<meta property=\"article:modified_time\" content=\"2022-05-10T10:51:24+00:00\" \/>\n<meta name=\"twitter:card\" content=\"summary_large_image\" \/>\n<meta name=\"twitter:label1\" content=\"Tiempo de lectura\" \/>\n\t<meta name=\"twitter:data1\" content=\"6 minutos\" \/>\n<script type=\"application\/ld+json\" class=\"yoast-schema-graph\">{\"@context\":\"https:\\\/\\\/schema.org\",\"@graph\":[{\"@type\":\"WebPage\",\"@id\":\"https:\\\/\\\/sveforsrealty.com\\\/es\\\/politica-de-privacidad\\\/\",\"url\":\"https:\\\/\\\/sveforsrealty.com\\\/es\\\/politica-de-privacidad\\\/\",\"name\":\"Pol\u00edtica de Privacidad - Svefors Realty | Marbella - Svefors Realty, m\u00e1s de 20 a\u00f1os de experiencia en el mercado inmobiliaria en la Costa del Sol.\",\"isPartOf\":{\"@id\":\"https:\\\/\\\/sveforsrealty.com\\\/es\\\/#website\"},\"datePublished\":\"2021-06-10T06:43:20+00:00\",\"dateModified\":\"2022-05-10T10:51:24+00:00\",\"breadcrumb\":{\"@id\":\"https:\\\/\\\/sveforsrealty.com\\\/es\\\/politica-de-privacidad\\\/#breadcrumb\"},\"inLanguage\":\"es\",\"potentialAction\":[{\"@type\":\"ReadAction\",\"target\":[\"https:\\\/\\\/sveforsrealty.com\\\/es\\\/politica-de-privacidad\\\/\"]}]},{\"@type\":\"BreadcrumbList\",\"@id\":\"https:\\\/\\\/sveforsrealty.com\\\/es\\\/politica-de-privacidad\\\/#breadcrumb\",\"itemListElement\":[{\"@type\":\"ListItem\",\"position\":1,\"name\":\"Home\",\"item\":\"https:\\\/\\\/sveforsrealty.com\\\/es\\\/\"},{\"@type\":\"ListItem\",\"position\":2,\"name\":\"Pol\u00edtica de Privacidad\"}]},{\"@type\":\"WebSite\",\"@id\":\"https:\\\/\\\/sveforsrealty.com\\\/es\\\/#website\",\"url\":\"https:\\\/\\\/sveforsrealty.com\\\/es\\\/\",\"name\":\"Svefors Realty | Marbella\",\"description\":\"Svefors Realty, m\u00e1s de 20 a\u00f1os de experiencia en el mercado inmobiliaria en la Costa del Sol.\",\"publisher\":{\"@id\":\"https:\\\/\\\/sveforsrealty.com\\\/es\\\/#organization\"},\"potentialAction\":[{\"@type\":\"SearchAction\",\"target\":{\"@type\":\"EntryPoint\",\"urlTemplate\":\"https:\\\/\\\/sveforsrealty.com\\\/es\\\/?s={search_term_string}\"},\"query-input\":{\"@type\":\"PropertyValueSpecification\",\"valueRequired\":true,\"valueName\":\"search_term_string\"}}],\"inLanguage\":\"es\"},{\"@type\":\"Organization\",\"@id\":\"https:\\\/\\\/sveforsrealty.com\\\/es\\\/#organization\",\"name\":\"Svefors Realty | Marbella\",\"url\":\"https:\\\/\\\/sveforsrealty.com\\\/es\\\/\",\"logo\":{\"@type\":\"ImageObject\",\"inLanguage\":\"es\",\"@id\":\"https:\\\/\\\/sveforsrealty.com\\\/es\\\/#\\\/schema\\\/logo\\\/image\\\/\",\"url\":\"https:\\\/\\\/sveforsrealty.com\\\/wp-content\\\/uploads\\\/2022\\\/02\\\/logo-svefors.png\",\"contentUrl\":\"https:\\\/\\\/sveforsrealty.com\\\/wp-content\\\/uploads\\\/2022\\\/02\\\/logo-svefors.png\",\"width\":480,\"height\":102,\"caption\":\"Svefors Realty | Marbella\"},\"image\":{\"@id\":\"https:\\\/\\\/sveforsrealty.com\\\/es\\\/#\\\/schema\\\/logo\\\/image\\\/\"},\"sameAs\":[\"https:\\\/\\\/www.facebook.com\\\/SveforsRealty\\\/\"]}]}<\/script>\n<!-- \/ Yoast SEO plugin. -->","yoast_head_json":{"title":"Pol\u00edtica de Privacidad - Svefors Realty | Marbella - Svefors Realty, m\u00e1s de 20 a\u00f1os de experiencia en el mercado inmobiliaria en la Costa del Sol.","robots":{"index":"index","follow":"follow","max-snippet":"max-snippet:-1","max-image-preview":"max-image-preview:large","max-video-preview":"max-video-preview:-1"},"canonical":"https:\/\/sveforsrealty.com\/es\/politica-de-privacidad\/","og_locale":"es_ES","og_type":"article","og_title":"Pol\u00edtica de Privacidad - Svefors Realty | Marbella - Svefors Realty, m\u00e1s de 20 a\u00f1os de experiencia en el mercado inmobiliaria en la Costa del Sol.","og_description":"Pol\u00edtica de Privacidad Reglamento General de Protecci\u00f3n de datos (\u00abGDPR\u00bb) La&nbsp;GDPR&nbsp;es una ley que establece las reglas de correo electr\u00f3nico comercial, establece los requisitos para los mensajes comerciales, da a los destinatarios el derecho a que no se les env\u00eden correos electr\u00f3nicos, y establece sanciones severas para las violaciones.&nbsp;Recogemos su direcci\u00f3n de correo electr\u00f3nico para: [&hellip;]","og_url":"https:\/\/sveforsrealty.com\/es\/politica-de-privacidad\/","og_site_name":"Svefors Realty | Marbella","article_publisher":"https:\/\/www.facebook.com\/SveforsRealty\/","article_modified_time":"2022-05-10T10:51:24+00:00","twitter_card":"summary_large_image","twitter_misc":{"Tiempo de lectura":"6 minutos"},"schema":{"@context":"https:\/\/schema.org","@graph":[{"@type":"WebPage","@id":"https:\/\/sveforsrealty.com\/es\/politica-de-privacidad\/","url":"https:\/\/sveforsrealty.com\/es\/politica-de-privacidad\/","name":"Pol\u00edtica de Privacidad - Svefors Realty | Marbella - Svefors Realty, m\u00e1s de 20 a\u00f1os de experiencia en el mercado inmobiliaria en la Costa del Sol.","isPartOf":{"@id":"https:\/\/sveforsrealty.com\/es\/#website"},"datePublished":"2021-06-10T06:43:20+00:00","dateModified":"2022-05-10T10:51:24+00:00","breadcrumb":{"@id":"https:\/\/sveforsrealty.com\/es\/politica-de-privacidad\/#breadcrumb"},"inLanguage":"es","potentialAction":[{"@type":"ReadAction","target":["https:\/\/sveforsrealty.com\/es\/politica-de-privacidad\/"]}]},{"@type":"BreadcrumbList","@id":"https:\/\/sveforsrealty.com\/es\/politica-de-privacidad\/#breadcrumb","itemListElement":[{"@type":"ListItem","position":1,"name":"Home","item":"https:\/\/sveforsrealty.com\/es\/"},{"@type":"ListItem","position":2,"name":"Pol\u00edtica de Privacidad"}]},{"@type":"WebSite","@id":"https:\/\/sveforsrealty.com\/es\/#website","url":"https:\/\/sveforsrealty.com\/es\/","name":"Svefors Realty | Marbella","description":"Svefors Realty, m\u00e1s de 20 a\u00f1os de experiencia en el mercado inmobiliaria en la Costa del Sol.","publisher":{"@id":"https:\/\/sveforsrealty.com\/es\/#organization"},"potentialAction":[{"@type":"SearchAction","target":{"@type":"EntryPoint","urlTemplate":"https:\/\/sveforsrealty.com\/es\/?s={search_term_string}"},"query-input":{"@type":"PropertyValueSpecification","valueRequired":true,"valueName":"search_term_string"}}],"inLanguage":"es"},{"@type":"Organization","@id":"https:\/\/sveforsrealty.com\/es\/#organization","name":"Svefors Realty | Marbella","url":"https:\/\/sveforsrealty.com\/es\/","logo":{"@type":"ImageObject","inLanguage":"es","@id":"https:\/\/sveforsrealty.com\/es\/#\/schema\/logo\/image\/","url":"https:\/\/sveforsrealty.com\/wp-content\/uploads\/2022\/02\/logo-svefors.png","contentUrl":"https:\/\/sveforsrealty.com\/wp-content\/uploads\/2022\/02\/logo-svefors.png","width":480,"height":102,"caption":"Svefors Realty | Marbella"},"image":{"@id":"https:\/\/sveforsrealty.com\/es\/#\/schema\/logo\/image\/"},"sameAs":["https:\/\/www.facebook.com\/SveforsRealty\/"]}]}},"_links":{"self":[{"href":"https:\/\/sveforsrealty.com\/es\/wp-json\/wp\/v2\/pages\/522","targetHints":{"allow":["GET"]}}],"collection":[{"href":"https:\/\/sveforsrealty.com\/es\/wp-json\/wp\/v2\/pages"}],"about":[{"href":"https:\/\/sveforsrealty.com\/es\/wp-json\/wp\/v2\/types\/page"}],"author":[{"embeddable":true,"href":"https:\/\/sveforsrealty.com\/es\/wp-json\/wp\/v2\/users\/1"}],"replies":[{"embeddable":true,"href":"https:\/\/sveforsrealty.com\/es\/wp-json\/wp\/v2\/comments?post=522"}],"version-history":[{"count":5,"href":"https:\/\/sveforsrealty.com\/es\/wp-json\/wp\/v2\/pages\/522\/revisions"}],"predecessor-version":[{"id":1614,"href":"https:\/\/sveforsrealty.com\/es\/wp-json\/wp\/v2\/pages\/522\/revisions\/1614"}],"wp:attachment":[{"href":"https:\/\/sveforsrealty.com\/es\/wp-json\/wp\/v2\/media?parent=522"}],"curies":[{"name":"wp","href":"https:\/\/api.w.org\/{rel}","templated":true}]}}