{"id":511,"date":"2021-06-14T12:29:46","date_gmt":"2021-06-14T10:29:46","guid":{"rendered":"https:\/\/sveforsrealty.com\/about-us\/"},"modified":"2024-08-06T11:58:44","modified_gmt":"2024-08-06T09:58:44","slug":"sobre-nosotros","status":"publish","type":"page","link":"https:\/\/sveforsrealty.com\/es\/sobre-nosotros\/","title":{"rendered":"Sobre Nosotros"},"content":{"rendered":"\n<section class=\"wp-block-group container\"><div class=\"wp-block-group__inner-container is-layout-flow wp-block-group-is-layout-flow\">\n<h1 class=\"wp-block-heading has-text-align-center\" id=\"welcome-to-svefors-realty-a-real-estate-agency-founded-byalejandro-svefors-and-geraldine-palmier\">Bienvenido a <mark style=\"background-color:rgba(0, 0, 0, 0)\" class=\"has-inline-color has-vivid-cyan-blue-color\">Svefors Realty<\/mark>, agencia inmobiliaria fundada por Alejandro Svefors y Geraldine Palmier.<\/h1>\n\n\n\n<div class=\"wp-block-columns collage3 is-layout-flex wp-container-core-columns-is-layout-9d6595d7 wp-block-columns-is-layout-flex\">\n<div class=\"wp-block-column is-layout-flow wp-block-column-is-layout-flow\">\n<figure class=\"wp-block-image size-large is-style-default\"><img loading=\"lazy\" decoding=\"async\" width=\"1400\" height=\"933\" src=\"https:\/\/sveforsrealty.com\/wp-content\/uploads\/2022\/04\/collage1-1400x933.jpg\" alt=\"\" class=\"wp-image-1440\" srcset=\"https:\/\/sveforsrealty.com\/wp-content\/uploads\/2022\/04\/collage1-1400x933.jpg 1400w, https:\/\/sveforsrealty.com\/wp-content\/uploads\/2022\/04\/collage1-800x533.jpg 800w, https:\/\/sveforsrealty.com\/wp-content\/uploads\/2022\/04\/collage1-768x512.jpg 768w, https:\/\/sveforsrealty.com\/wp-content\/uploads\/2022\/04\/collage1-1536x1024.jpg 1536w, https:\/\/sveforsrealty.com\/wp-content\/uploads\/2022\/04\/collage1.jpg 1800w\" sizes=\"auto, (max-width: 1400px) 100vw, 1400px\" \/><\/figure>\n<\/div>\n\n\n\n<div class=\"wp-block-column is-layout-flow wp-block-column-is-layout-flow\">\n<figure class=\"wp-block-image size-large is-style-default\"><img loading=\"lazy\" decoding=\"async\" width=\"1400\" height=\"933\" src=\"https:\/\/sveforsrealty.com\/wp-content\/uploads\/2022\/04\/collage2-1400x933.jpg\" alt=\"\" class=\"wp-image-1443\" srcset=\"https:\/\/sveforsrealty.com\/wp-content\/uploads\/2022\/04\/collage2-1400x933.jpg 1400w, https:\/\/sveforsrealty.com\/wp-content\/uploads\/2022\/04\/collage2-800x533.jpg 800w, https:\/\/sveforsrealty.com\/wp-content\/uploads\/2022\/04\/collage2-768x512.jpg 768w, https:\/\/sveforsrealty.com\/wp-content\/uploads\/2022\/04\/collage2-1536x1024.jpg 1536w, https:\/\/sveforsrealty.com\/wp-content\/uploads\/2022\/04\/collage2.jpg 1800w\" sizes=\"auto, (max-width: 1400px) 100vw, 1400px\" \/><\/figure>\n\n\n\n<p class=\"has-text-align-center\">25 A\u00d1OS DE<br>EXPERIENCIA EN EL<br>MERCADO INMOBILIARIO<br><\/p>\n<\/div>\n\n\n\n<div class=\"wp-block-column is-layout-flow wp-block-column-is-layout-flow\">\n<figure class=\"wp-block-image size-large is-style-default\"><img loading=\"lazy\" decoding=\"async\" width=\"1400\" height=\"933\" src=\"https:\/\/sveforsrealty.com\/wp-content\/uploads\/2022\/04\/collage3-1400x933.jpg\" alt=\"\" class=\"wp-image-1446\" srcset=\"https:\/\/sveforsrealty.com\/wp-content\/uploads\/2022\/04\/collage3-1400x933.jpg 1400w, https:\/\/sveforsrealty.com\/wp-content\/uploads\/2022\/04\/collage3-800x533.jpg 800w, https:\/\/sveforsrealty.com\/wp-content\/uploads\/2022\/04\/collage3-768x512.jpg 768w, https:\/\/sveforsrealty.com\/wp-content\/uploads\/2022\/04\/collage3-1536x1024.jpg 1536w, https:\/\/sveforsrealty.com\/wp-content\/uploads\/2022\/04\/collage3.jpg 1800w\" sizes=\"auto, (max-width: 1400px) 100vw, 1400px\" \/><\/figure>\n<\/div>\n<\/div>\n<\/div><\/section>\n\n\n\n<section class=\"wp-block-group container\"><div class=\"wp-block-group__inner-container is-layout-flow wp-block-group-is-layout-flow\">\n<div class=\"wp-block-columns is-layout-flex wp-container-core-columns-is-layout-9d6595d7 wp-block-columns-is-layout-flex\">\n<div class=\"wp-block-column is-layout-flow wp-block-column-is-layout-flow\" style=\"flex-basis:15%\"><\/div>\n\n\n\n<div class=\"wp-block-column is-layout-flow wp-block-column-is-layout-flow\" style=\"flex-basis:70%\">\n<p class=\"has-text-align-center\">Hablamos ingl\u00e9s, sueco y espa\u00f1ol que son nuestras lenguas nativas, y tambi\u00e9n podemos comunicarnos en franc\u00e9s.<\/p>\n\n\n\n<p class=\"has-text-align-center\">Nuestra oficina se encuentra en San Pedro Alc\u00e1ntara \u2013 Marbella, en la mejor zona de expansi\u00f3n, a pocos pasos del centro de la ciudad y muy cerca del paseo mar\u00edtimo que te lleva hasta Puerto Ban\u00fas y Marbella.<\/p>\n\n\n\n<p class=\"has-text-align-center\">Nuestro objetivo es ofrecer propiedades cualificadas y un servicio eficiente y profesional.<\/p>\n<\/div>\n\n\n\n<div class=\"wp-block-column is-layout-flow wp-block-column-is-layout-flow\" style=\"flex-basis:15%\"><\/div>\n<\/div>\n\n\n\n<hr class=\"wp-block-separator has-text-color has-cyan-bluish-gray-color has-css-opacity has-cyan-bluish-gray-background-color has-background is-style-wide mt-5 mb-5\"\/>\n<\/div><\/section>\n\n\n\n<section class=\"wp-block-group container\"><div class=\"wp-block-group__inner-container is-layout-flow wp-block-group-is-layout-flow\">\n<h2 class=\"wp-block-heading has-text-align-center\" id=\"buy-or-sell-properties-with-total-safety-and-speed\">Compre o venda propiedades con total seguridad y rapidez<\/h2>\n\n\n\n<div class=\"wp-block-columns is-layout-flex wp-container-core-columns-is-layout-9d6595d7 wp-block-columns-is-layout-flex\">\n<div class=\"wp-block-column is-layout-flow wp-block-column-is-layout-flow\" style=\"flex-basis:15%\"><\/div>\n\n\n\n<div class=\"wp-block-column is-layout-flow wp-block-column-is-layout-flow\" style=\"flex-basis:70%\">\n<p class=\"has-text-align-center\">Si est\u00e1 interesado en comprar o vender propiedades en nuestra zona, no dude en contactarnos y estaremos encantados de guiarle a trav\u00e9s del proceso. Le ayudaremos en la venta y \/ o compra de su propiedad, haci\u00e9ndola m\u00e1s f\u00e1cil y segura. Tambi\u00e9n ofrecemos asistencia postventa, trabajando con un gran equipo de profesionales, como abogados, constructores, decoradores, etc.<\/p>\n<\/div>\n\n\n\n<div class=\"wp-block-column is-layout-flow wp-block-column-is-layout-flow\" style=\"flex-basis:15%\"><\/div>\n<\/div>\n\n\n\n<div class=\"wp-block-columns is-layout-flex wp-container-core-columns-is-layout-9d6595d7 wp-block-columns-is-layout-flex\">\n<div class=\"wp-block-column is-layout-flow wp-block-column-is-layout-flow\"><div class=\"wp-block-image is-style-default\">\n<figure class=\"aligncenter size-full\"><img loading=\"lazy\" decoding=\"async\" width=\"423\" height=\"219\" src=\"https:\/\/sveforsrealty.com\/wp-content\/uploads\/2022\/02\/alejandro-muro.jpg\" alt=\"\" class=\"wp-image-1270\"\/><\/figure>\n<\/div>\n\n\n<h5 class=\"wp-block-heading has-text-align-center mt-5 mb-5\" id=\"alejandro-sverfors\">Alejandro Sverfors<\/h5>\n\n\n\n<p class=\"has-text-align-center\">Nacido en Suecia y viviendo en Marbella desde 1972. M\u00e1s de 30 a\u00f1os de experiencia en el mercado inmobiliario en la Costa del Sol. Habla con fluidez sueco, espa\u00f1ol e ingl\u00e9s y con conocimientos de franc\u00e9s.<\/p>\n<\/div>\n\n\n\n<div class=\"wp-block-column is-layout-flow wp-block-column-is-layout-flow\"><div class=\"wp-block-image is-style-default\">\n<figure class=\"aligncenter size-full\"><img loading=\"lazy\" decoding=\"async\" width=\"423\" height=\"219\" src=\"https:\/\/sveforsrealty.com\/wp-content\/uploads\/2022\/02\/geraldine-muro.jpg\" alt=\"\" class=\"wp-image-1273\"\/><\/figure>\n<\/div>\n\n\n<h5 class=\"wp-block-heading has-text-align-center mt-5 mb-5\" id=\"geraldine-palmier\">Geraldine Palmier<\/h5>\n\n\n\n<p class=\"has-text-align-center\">Nacida en Gibraltar y viviendo en Marbella desde 1978. Con m\u00e1s de 30 a\u00f1os de experiencia en ventas y alquileres en el mercado inmobiliario de Costa del Sol. Geraldine habla ingl\u00e9s y espa\u00f1ol con fluidez y tambi\u00e9n tiene conocimientos en franc\u00e9s.<\/p>\n<\/div>\n<\/div>\n\n\n\n<div class=\"wp-block-columns is-layout-flex wp-container-core-columns-is-layout-9d6595d7 wp-block-columns-is-layout-flex\">\n<div class=\"wp-block-column is-layout-flow wp-block-column-is-layout-flow\" style=\"flex-basis:25%\"><\/div>\n\n\n\n<div class=\"wp-block-column is-layout-flow wp-block-column-is-layout-flow\" style=\"flex-basis:50%\"><div class=\"wp-block-image is-style-default\">\n<figure class=\"aligncenter size-full\"><img loading=\"lazy\" decoding=\"async\" width=\"423\" height=\"219\" src=\"https:\/\/sveforsrealty.com\/wp-content\/uploads\/2022\/04\/gina-younis-muro.jpg\" alt=\"\" class=\"wp-image-1430\"\/><\/figure>\n<\/div>\n\n\n<h5 class=\"wp-block-heading has-text-align-center mt-5 mb-5\">Gina Younis<\/h5>\n\n\n\n<p class=\"has-text-align-center\">Nacida en Las Palmas, Islas Canarias y residente en Marbella desde 1984 con m\u00e1s de 25 a\u00f1os de experiencia en ventas en el mercado inmobiliario de la Costa del Sol. Habla con fluidez espa\u00f1ol, ingl\u00e9s y franc\u00e9s, con conocimientos de \u00e1rabe (liban\u00e9s) e italiano.<\/p>\n<\/div>\n\n\n\n<div class=\"wp-block-column is-layout-flow wp-block-column-is-layout-flow\" style=\"flex-basis:25%\"><\/div>\n<\/div>\n\n\n\n<hr class=\"wp-block-separator has-text-color has-cyan-bluish-gray-color has-css-opacity has-cyan-bluish-gray-background-color has-background is-style-wide mt-5 mb-5\"\/>\n<\/div><\/section>\n\n\n\n<section class=\"wp-block-group container client-recomendations\"><div class=\"wp-block-group__inner-container is-layout-flow wp-block-group-is-layout-flow\">\n<p class=\"has-text-align-center\"><strong>LO QUE DICEN NUESTROS CLIENTES<\/strong><br><br><\/p>\n\n\n<section class=\"client-recomendations\">\n\t\t\t<div class=\"container\">\n\t\t\t\t<div class=\"row\">\n\t\t\t\t\t<div class=\"col12\">\n\t\t\t\t\t\t<!-- wp:heading {\"textAlign\":\"center\",\"level\":4} -->\n<h4 class=\"has-text-align-center\"><em>Tienen muchos a\u00f1os de experiencia y se nota que conocen su trabajo!<\/em><\/h4>\n<!-- \/wp:heading -->\n\t\t\t\t\t\t<img decoding=\"async\" src=\"https:\/\/sveforsrealty.com\/wp-content\/uploads\/2022\/05\/FRANCISCO-RODRIGUEZ.png\" alt=\"FRANCISCO RODR\u00cdGUEZ\">\n\t\t\t\t\t\t<div class=\"stars\">\n\t\t\t\t\t\t\t<img loading=\"lazy\" decoding=\"async\" width=\"19\" height=\"19\" style=\"width: 19px;\" alt=\"review-star\" src=\"\/wp-content\/uploads\/2022\/01\/blue-star.png\">\n\t\t\t\t\t\t\t<img loading=\"lazy\" decoding=\"async\" width=\"19\" height=\"19\" style=\"width: 19px;\" alt=\"review-star\" src=\"\/wp-content\/uploads\/2022\/01\/blue-star.png\">\n\t\t\t\t\t\t\t<img loading=\"lazy\" decoding=\"async\" width=\"19\" height=\"19\" style=\"width: 19px;\" alt=\"review-star\" src=\"\/wp-content\/uploads\/2022\/01\/blue-star.png\">\n\t\t\t\t\t\t\t<img loading=\"lazy\" decoding=\"async\" width=\"19\" height=\"19\" style=\"width: 19px;\" alt=\"review-star\" src=\"\/wp-content\/uploads\/2022\/01\/blue-star.png\">\n\t\t\t\t\t\t\t<img loading=\"lazy\" decoding=\"async\" width=\"19\" height=\"19\" style=\"width: 19px;\" alt=\"review-star\" src=\"\/wp-content\/uploads\/2022\/01\/blue-star.png\">\n\t\t\t\t\t\t<\/div>\n\t\t\t\t\t\t<p><strong>FRANCISCO RODR\u00cdGUEZ<\/strong><\/p>\n\t\t\t\t\t<\/div>\n\t\t\t\t<\/div>\n\t\t\t<\/div>\n\t\t<\/section>\n<\/div><\/section>\n\n\n\n<div style=\"height:60px\" aria-hidden=\"true\" class=\"wp-block-spacer\"><\/div>\n\n\n\n<section class=\"wp-block-group prior-advise bg-color-blue\"><div class=\"wp-block-group__inner-container is-layout-flow wp-block-group-is-layout-flow\">\n<div class=\"wp-block-columns container is-layout-flex wp-container-core-columns-is-layout-9d6595d7 wp-block-columns-is-layout-flex\">\n<div class=\"wp-block-column svefors-advice p-5 is-layout-flow wp-block-column-is-layout-flow\">\n<p>Gracias al asesoramiento previo, en Svefors Realty estudiamos y analizamos detenidamente sus necesidades y requerimientos, para poder ofrecerle una lista de las propiedades m\u00e1s adecuadas para usted.<\/p>\n\n\n\n<p class=\"has-text-align-right quote\">Encuentra la casa de tus sue\u00f1os con nuestras promociones m\u00e1s exclusivas. Descarga nuestro dossier con viviendas que te enamorar\u00e1n. La Costa del Sol te ofrece la oportunidad de tener la vivienda que siempre imaginaste.<\/p>\n<\/div>\n\n\n\n<div class=\"wp-block-column p-5 position-relative svefors-advice-image is-layout-flow wp-block-column-is-layout-flow\">\n<figure class=\"wp-block-image size-full\"><img loading=\"lazy\" decoding=\"async\" width=\"1280\" height=\"719\" src=\"https:\/\/sveforsrealty.com\/wp-content\/uploads\/2022\/01\/323.jpg\" alt=\"\" class=\"wp-image-888\" srcset=\"https:\/\/sveforsrealty.com\/wp-content\/uploads\/2022\/01\/323.jpg 1280w, https:\/\/sveforsrealty.com\/wp-content\/uploads\/2022\/01\/323-800x449.jpg 800w, https:\/\/sveforsrealty.com\/wp-content\/uploads\/2022\/01\/323-768x431.jpg 768w\" sizes=\"auto, (max-width: 1280px) 100vw, 1280px\" \/><\/figure>\n\n\n\n<div class=\"wp-block-buttons is-layout-flex wp-block-buttons-is-layout-flex\">\n<div class=\"wp-block-button round-button\"><a class=\"wp-block-button__link wp-element-button\" href=\"\/es\/nuevas-promociones.html\">V\u00e9a nuestras<br>\u00faltimas<br>Promociones<br><\/a><\/div>\n<\/div>\n<\/div>\n<\/div>\n<\/div><\/section>\n","protected":false},"excerpt":{"rendered":"<p>Bienvenido a Svefors Realty, agencia inmobiliaria fundada por Alejandro Svefors y Geraldine Palmier. 25 A\u00d1OS DEEXPERIENCIA EN ELMERCADO INMOBILIARIO Hablamos ingl\u00e9s, sueco y espa\u00f1ol que son nuestras lenguas nativas, y tambi\u00e9n podemos comunicarnos en franc\u00e9s. Nuestra oficina se encuentra en San Pedro Alc\u00e1ntara \u2013 Marbella, en la mejor zona de expansi\u00f3n, a pocos pasos del [&hellip;]<\/p>\n","protected":false},"author":2,"featured_media":0,"parent":0,"menu_order":0,"comment_status":"closed","ping_status":"closed","template":"templates\/about.php","meta":{"inline_featured_image":false,"footnotes":""},"class_list":["post-511","page","type-page","status-publish","hentry"],"yoast_head":"<!-- This site is optimized with the Yoast SEO plugin v27.3 - https:\/\/yoast.com\/product\/yoast-seo-wordpress\/ -->\n<title>Sobre Nosotros - Svefors Realty | Marbella - Svefors Realty, m\u00e1s de 20 a\u00f1os de experiencia en el mercado inmobiliaria en la Costa del Sol.<\/title>\n<meta name=\"robots\" content=\"index, follow, max-snippet:-1, max-image-preview:large, max-video-preview:-1\" \/>\n<link rel=\"canonical\" href=\"https:\/\/sveforsrealty.com\/es\/sobre-nosotros\/\" \/>\n<meta property=\"og:locale\" content=\"es_ES\" \/>\n<meta property=\"og:type\" content=\"article\" \/>\n<meta property=\"og:title\" content=\"Sobre Nosotros - Svefors Realty | Marbella - Svefors Realty, m\u00e1s de 20 a\u00f1os de experiencia en el mercado inmobiliaria en la Costa del Sol.\" \/>\n<meta property=\"og:description\" content=\"Bienvenido a Svefors Realty, agencia inmobiliaria fundada por Alejandro Svefors y Geraldine Palmier. 25 A\u00d1OS DEEXPERIENCIA EN ELMERCADO INMOBILIARIO Hablamos ingl\u00e9s, sueco y espa\u00f1ol que son nuestras lenguas nativas, y tambi\u00e9n podemos comunicarnos en franc\u00e9s. Nuestra oficina se encuentra en San Pedro Alc\u00e1ntara \u2013 Marbella, en la mejor zona de expansi\u00f3n, a pocos pasos del [&hellip;]\" \/>\n<meta property=\"og:url\" content=\"https:\/\/sveforsrealty.com\/es\/sobre-nosotros\/\" \/>\n<meta property=\"og:site_name\" content=\"Svefors Realty | Marbella\" \/>\n<meta property=\"article:publisher\" content=\"https:\/\/www.facebook.com\/SveforsRealty\/\" \/>\n<meta property=\"article:modified_time\" content=\"2024-08-06T09:58:44+00:00\" \/>\n<meta property=\"og:image\" content=\"https:\/\/sveforsrealty.com\/wp-content\/uploads\/2022\/04\/collage1-1400x933.jpg\" \/>\n<meta name=\"twitter:card\" content=\"summary_large_image\" \/>\n<meta name=\"twitter:label1\" content=\"Tiempo de lectura\" \/>\n\t<meta name=\"twitter:data1\" content=\"3 minutos\" \/>\n<script type=\"application\/ld+json\" class=\"yoast-schema-graph\">{\"@context\":\"https:\\\/\\\/schema.org\",\"@graph\":[{\"@type\":\"WebPage\",\"@id\":\"https:\\\/\\\/sveforsrealty.com\\\/es\\\/sobre-nosotros\\\/\",\"url\":\"https:\\\/\\\/sveforsrealty.com\\\/es\\\/sobre-nosotros\\\/\",\"name\":\"Sobre Nosotros - Svefors Realty | Marbella - Svefors Realty, m\u00e1s de 20 a\u00f1os de experiencia en el mercado inmobiliaria en la Costa del Sol.\",\"isPartOf\":{\"@id\":\"https:\\\/\\\/sveforsrealty.com\\\/es\\\/#website\"},\"primaryImageOfPage\":{\"@id\":\"https:\\\/\\\/sveforsrealty.com\\\/es\\\/sobre-nosotros\\\/#primaryimage\"},\"image\":{\"@id\":\"https:\\\/\\\/sveforsrealty.com\\\/es\\\/sobre-nosotros\\\/#primaryimage\"},\"thumbnailUrl\":\"https:\\\/\\\/sveforsrealty.com\\\/wp-content\\\/uploads\\\/2022\\\/04\\\/collage1-1400x933.jpg\",\"datePublished\":\"2021-06-14T10:29:46+00:00\",\"dateModified\":\"2024-08-06T09:58:44+00:00\",\"breadcrumb\":{\"@id\":\"https:\\\/\\\/sveforsrealty.com\\\/es\\\/sobre-nosotros\\\/#breadcrumb\"},\"inLanguage\":\"es\",\"potentialAction\":[{\"@type\":\"ReadAction\",\"target\":[\"https:\\\/\\\/sveforsrealty.com\\\/es\\\/sobre-nosotros\\\/\"]}]},{\"@type\":\"ImageObject\",\"inLanguage\":\"es\",\"@id\":\"https:\\\/\\\/sveforsrealty.com\\\/es\\\/sobre-nosotros\\\/#primaryimage\",\"url\":\"https:\\\/\\\/sveforsrealty.com\\\/wp-content\\\/uploads\\\/2022\\\/04\\\/collage1-1400x933.jpg\",\"contentUrl\":\"https:\\\/\\\/sveforsrealty.com\\\/wp-content\\\/uploads\\\/2022\\\/04\\\/collage1-1400x933.jpg\"},{\"@type\":\"BreadcrumbList\",\"@id\":\"https:\\\/\\\/sveforsrealty.com\\\/es\\\/sobre-nosotros\\\/#breadcrumb\",\"itemListElement\":[{\"@type\":\"ListItem\",\"position\":1,\"name\":\"Home\",\"item\":\"https:\\\/\\\/sveforsrealty.com\\\/es\\\/\"},{\"@type\":\"ListItem\",\"position\":2,\"name\":\"Sobre Nosotros\"}]},{\"@type\":\"WebSite\",\"@id\":\"https:\\\/\\\/sveforsrealty.com\\\/es\\\/#website\",\"url\":\"https:\\\/\\\/sveforsrealty.com\\\/es\\\/\",\"name\":\"Svefors Realty | Marbella\",\"description\":\"Svefors Realty, m\u00e1s de 20 a\u00f1os de experiencia en el mercado inmobiliaria en la Costa del Sol.\",\"publisher\":{\"@id\":\"https:\\\/\\\/sveforsrealty.com\\\/es\\\/#organization\"},\"potentialAction\":[{\"@type\":\"SearchAction\",\"target\":{\"@type\":\"EntryPoint\",\"urlTemplate\":\"https:\\\/\\\/sveforsrealty.com\\\/es\\\/?s={search_term_string}\"},\"query-input\":{\"@type\":\"PropertyValueSpecification\",\"valueRequired\":true,\"valueName\":\"search_term_string\"}}],\"inLanguage\":\"es\"},{\"@type\":\"Organization\",\"@id\":\"https:\\\/\\\/sveforsrealty.com\\\/es\\\/#organization\",\"name\":\"Svefors Realty | Marbella\",\"url\":\"https:\\\/\\\/sveforsrealty.com\\\/es\\\/\",\"logo\":{\"@type\":\"ImageObject\",\"inLanguage\":\"es\",\"@id\":\"https:\\\/\\\/sveforsrealty.com\\\/es\\\/#\\\/schema\\\/logo\\\/image\\\/\",\"url\":\"https:\\\/\\\/sveforsrealty.com\\\/wp-content\\\/uploads\\\/2022\\\/02\\\/logo-svefors.png\",\"contentUrl\":\"https:\\\/\\\/sveforsrealty.com\\\/wp-content\\\/uploads\\\/2022\\\/02\\\/logo-svefors.png\",\"width\":480,\"height\":102,\"caption\":\"Svefors Realty | Marbella\"},\"image\":{\"@id\":\"https:\\\/\\\/sveforsrealty.com\\\/es\\\/#\\\/schema\\\/logo\\\/image\\\/\"},\"sameAs\":[\"https:\\\/\\\/www.facebook.com\\\/SveforsRealty\\\/\"]}]}<\/script>\n<!-- \/ Yoast SEO plugin. -->","yoast_head_json":{"title":"Sobre Nosotros - Svefors Realty | Marbella - Svefors Realty, m\u00e1s de 20 a\u00f1os de experiencia en el mercado inmobiliaria en la Costa del Sol.","robots":{"index":"index","follow":"follow","max-snippet":"max-snippet:-1","max-image-preview":"max-image-preview:large","max-video-preview":"max-video-preview:-1"},"canonical":"https:\/\/sveforsrealty.com\/es\/sobre-nosotros\/","og_locale":"es_ES","og_type":"article","og_title":"Sobre Nosotros - Svefors Realty | Marbella - Svefors Realty, m\u00e1s de 20 a\u00f1os de experiencia en el mercado inmobiliaria en la Costa del Sol.","og_description":"Bienvenido a Svefors Realty, agencia inmobiliaria fundada por Alejandro Svefors y Geraldine Palmier. 25 A\u00d1OS DEEXPERIENCIA EN ELMERCADO INMOBILIARIO Hablamos ingl\u00e9s, sueco y espa\u00f1ol que son nuestras lenguas nativas, y tambi\u00e9n podemos comunicarnos en franc\u00e9s. Nuestra oficina se encuentra en San Pedro Alc\u00e1ntara \u2013 Marbella, en la mejor zona de expansi\u00f3n, a pocos pasos del [&hellip;]","og_url":"https:\/\/sveforsrealty.com\/es\/sobre-nosotros\/","og_site_name":"Svefors Realty | Marbella","article_publisher":"https:\/\/www.facebook.com\/SveforsRealty\/","article_modified_time":"2024-08-06T09:58:44+00:00","og_image":[{"url":"https:\/\/sveforsrealty.com\/wp-content\/uploads\/2022\/04\/collage1-1400x933.jpg","type":"","width":"","height":""}],"twitter_card":"summary_large_image","twitter_misc":{"Tiempo de lectura":"3 minutos"},"schema":{"@context":"https:\/\/schema.org","@graph":[{"@type":"WebPage","@id":"https:\/\/sveforsrealty.com\/es\/sobre-nosotros\/","url":"https:\/\/sveforsrealty.com\/es\/sobre-nosotros\/","name":"Sobre Nosotros - Svefors Realty | Marbella - Svefors Realty, m\u00e1s de 20 a\u00f1os de experiencia en el mercado inmobiliaria en la Costa del Sol.","isPartOf":{"@id":"https:\/\/sveforsrealty.com\/es\/#website"},"primaryImageOfPage":{"@id":"https:\/\/sveforsrealty.com\/es\/sobre-nosotros\/#primaryimage"},"image":{"@id":"https:\/\/sveforsrealty.com\/es\/sobre-nosotros\/#primaryimage"},"thumbnailUrl":"https:\/\/sveforsrealty.com\/wp-content\/uploads\/2022\/04\/collage1-1400x933.jpg","datePublished":"2021-06-14T10:29:46+00:00","dateModified":"2024-08-06T09:58:44+00:00","breadcrumb":{"@id":"https:\/\/sveforsrealty.com\/es\/sobre-nosotros\/#breadcrumb"},"inLanguage":"es","potentialAction":[{"@type":"ReadAction","target":["https:\/\/sveforsrealty.com\/es\/sobre-nosotros\/"]}]},{"@type":"ImageObject","inLanguage":"es","@id":"https:\/\/sveforsrealty.com\/es\/sobre-nosotros\/#primaryimage","url":"https:\/\/sveforsrealty.com\/wp-content\/uploads\/2022\/04\/collage1-1400x933.jpg","contentUrl":"https:\/\/sveforsrealty.com\/wp-content\/uploads\/2022\/04\/collage1-1400x933.jpg"},{"@type":"BreadcrumbList","@id":"https:\/\/sveforsrealty.com\/es\/sobre-nosotros\/#breadcrumb","itemListElement":[{"@type":"ListItem","position":1,"name":"Home","item":"https:\/\/sveforsrealty.com\/es\/"},{"@type":"ListItem","position":2,"name":"Sobre Nosotros"}]},{"@type":"WebSite","@id":"https:\/\/sveforsrealty.com\/es\/#website","url":"https:\/\/sveforsrealty.com\/es\/","name":"Svefors Realty | Marbella","description":"Svefors Realty, m\u00e1s de 20 a\u00f1os de experiencia en el mercado inmobiliaria en la Costa del Sol.","publisher":{"@id":"https:\/\/sveforsrealty.com\/es\/#organization"},"potentialAction":[{"@type":"SearchAction","target":{"@type":"EntryPoint","urlTemplate":"https:\/\/sveforsrealty.com\/es\/?s={search_term_string}"},"query-input":{"@type":"PropertyValueSpecification","valueRequired":true,"valueName":"search_term_string"}}],"inLanguage":"es"},{"@type":"Organization","@id":"https:\/\/sveforsrealty.com\/es\/#organization","name":"Svefors Realty | Marbella","url":"https:\/\/sveforsrealty.com\/es\/","logo":{"@type":"ImageObject","inLanguage":"es","@id":"https:\/\/sveforsrealty.com\/es\/#\/schema\/logo\/image\/","url":"https:\/\/sveforsrealty.com\/wp-content\/uploads\/2022\/02\/logo-svefors.png","contentUrl":"https:\/\/sveforsrealty.com\/wp-content\/uploads\/2022\/02\/logo-svefors.png","width":480,"height":102,"caption":"Svefors Realty | Marbella"},"image":{"@id":"https:\/\/sveforsrealty.com\/es\/#\/schema\/logo\/image\/"},"sameAs":["https:\/\/www.facebook.com\/SveforsRealty\/"]}]}},"_links":{"self":[{"href":"https:\/\/sveforsrealty.com\/es\/wp-json\/wp\/v2\/pages\/511","targetHints":{"allow":["GET"]}}],"collection":[{"href":"https:\/\/sveforsrealty.com\/es\/wp-json\/wp\/v2\/pages"}],"about":[{"href":"https:\/\/sveforsrealty.com\/es\/wp-json\/wp\/v2\/types\/page"}],"author":[{"embeddable":true,"href":"https:\/\/sveforsrealty.com\/es\/wp-json\/wp\/v2\/users\/2"}],"replies":[{"embeddable":true,"href":"https:\/\/sveforsrealty.com\/es\/wp-json\/wp\/v2\/comments?post=511"}],"version-history":[{"count":15,"href":"https:\/\/sveforsrealty.com\/es\/wp-json\/wp\/v2\/pages\/511\/revisions"}],"predecessor-version":[{"id":2386,"href":"https:\/\/sveforsrealty.com\/es\/wp-json\/wp\/v2\/pages\/511\/revisions\/2386"}],"wp:attachment":[{"href":"https:\/\/sveforsrealty.com\/es\/wp-json\/wp\/v2\/media?parent=511"}],"curies":[{"name":"wp","href":"https:\/\/api.w.org\/{rel}","templated":true}]}}