{"id":1481,"date":"2022-03-14T17:08:46","date_gmt":"2022-03-14T16:08:46","guid":{"rendered":"https:\/\/sveforsrealty.com\/contact\/"},"modified":"2024-08-06T12:13:09","modified_gmt":"2024-08-06T10:13:09","slug":"contacto","status":"publish","type":"page","link":"https:\/\/sveforsrealty.com\/es\/contacto\/","title":{"rendered":"Contacto"},"content":{"rendered":"\t<section class=\"ic-contact-form-wrapper\" id=\"request-more-info-wrapper\">\n\t\t<div class=\"container\">\n\t\t\t<div class=\"row\">\n\t\t\t\t<div class=\"col-12 ic-contact-form-box\">\n\t\t\t\t\t<div class=\"ic-contact-form-text\">\n\t\t\t\t\t\t<p>FORMULARIO DE CONTACTO<\/p>\t\t\t\t\t\t<h2>Pida m\u00e1s informaci\u00f3n<\/h2>\t\t\t\t\t<\/div>\n\t\t\t\t\t<div class=\"ic-contact-form-form\">\n\t\t\t\t\t\t<div class=\"frm_forms  with_frm_style frm_center_submit frm_style_formidable-style\" id=\"frm_form_5_container\" >\n<form enctype=\"multipart\/form-data\" method=\"post\" class=\"frm-show-form  frm_js_validate  frm_ajax_submit  frm_pro_form \" id=\"form_request-more-info\" >\n<div class=\"frm_form_fields \">\n<fieldset>\n<legend class=\"frm_screen_reader\">Pedir m\u00e1s informaci\u00f3n<\/legend>\r\n\r\n<div class=\"frm_fields_container\">\n<input type=\"hidden\" name=\"frm_action\" value=\"create\" \/>\n<input type=\"hidden\" name=\"form_id\" value=\"5\" \/>\n<input type=\"hidden\" name=\"frm_hide_fields_5\" id=\"frm_hide_fields_5\" value=\"\" \/>\n<input type=\"hidden\" name=\"form_key\" value=\"request-more-info\" \/>\n<input type=\"hidden\" name=\"item_meta[0]\" value=\"\" \/>\n<input type=\"hidden\" id=\"frm_submit_entry_5\" name=\"frm_submit_entry_5\" value=\"ad2411b670\" \/><input type=\"hidden\" name=\"_wp_http_referer\" value=\"\/es\/wp-json\/wp\/v2\/pages\/1481\" \/><div id=\"frm_field_59_container\" class=\"frm_form_field form-field  frm_required_field frm_top_container frm_first frm12\">\r\n    <label for=\"field_bv0yq685ab32d39\" id=\"field_bv0yq685ab32d39_label\" class=\"frm_primary_label\">Nombre\r\n        <span class=\"frm_required\" aria-hidden=\"true\">*<\/span>\r\n    <\/label>\r\n    <input  type=\"text\" id=\"field_bv0yq685ab32d39\" name=\"item_meta[59]\" value=\"\"  placeholder=\"Nombre\" data-reqmsg=\"Este campo no puede estar vac\u00edo.\" aria-required=\"true\" data-invmsg=\"Texto no es v\u00e1lido\" aria-invalid=\"false\"   \/>\r\n    \r\n    \r\n<\/div>\n<div id=\"frm_field_60_container\" class=\"frm_form_field form-field  frm_required_field frm_top_container frm_first\">\r\n    <label for=\"field_29yf4df28be598d3\" id=\"field_29yf4df28be598d3_label\" class=\"frm_primary_label\">Email\r\n        <span class=\"frm_required\" aria-hidden=\"true\">*<\/span>\r\n    <\/label>\r\n    <input type=\"email\" id=\"field_29yf4df28be598d3\" name=\"item_meta[60]\" value=\"\"  placeholder=\"Email\" data-reqmsg=\"Este campo no puede estar vac\u00edo.\" aria-required=\"true\" data-invmsg=\"Introduzca una direcci\u00f3n de correo electr\u00f3nico v\u00e1lida\" aria-invalid=\"false\"  \/>\r\n    \r\n    \r\n<\/div>\n<div id=\"frm_field_61_container\" class=\"frm_form_field form-field  frm_required_field frm_top_container frm_first\">\r\n    <label for=\"field_96fr7da1192b3c5\" id=\"field_96fr7da1192b3c5_label\" class=\"frm_primary_label\">Tel\u00e9fono\r\n        <span class=\"frm_required\" aria-hidden=\"true\">*<\/span>\r\n    <\/label>\r\n    <input  type=\"text\" id=\"field_96fr7da1192b3c5\" name=\"item_meta[61]\" value=\"\"  placeholder=\"Tel\u00e9fono\" data-reqmsg=\"Este campo no puede estar vac\u00edo.\" aria-required=\"true\" data-invmsg=\"Texto no es v\u00e1lido\" aria-invalid=\"false\"   \/>\r\n    \r\n    \r\n<\/div>\n<div id=\"frm_field_62_container\" class=\"frm_form_field form-field  frm_required_field frm_top_container frm12 frm_first\">\r\n    <label for=\"field_5yjnibe2fd999b9\" id=\"field_5yjnibe2fd999b9_label\" class=\"frm_primary_label\">Sus comentarios\r\n        <span class=\"frm_required\" aria-hidden=\"true\">*<\/span>\r\n    <\/label>\r\n    <textarea name=\"item_meta[62]\" id=\"field_5yjnibe2fd999b9\" rows=\"4\"  placeholder=\"Sus comentarios\" data-reqmsg=\"Este campo no puede estar vac\u00edo.\" aria-required=\"true\" data-invmsg=\"Sus comentarios no es v\u00e1lido\" aria-invalid=\"false\"  ><\/textarea>\r\n    \r\n    \r\n<\/div>\n<input type=\"hidden\" name=\"item_meta[63]\" id=\"field_sent_from_page_url\" value=\"\"     \/>\n<input type=\"hidden\" name=\"item_meta[64]\" id=\"field_property_ref\" value=\"\"     \/>\n<input type=\"hidden\" name=\"item_meta[65]\" id=\"field_wpml_current_language\" value=\"[wpml_current_language]\"  data-frmval=\"[wpml_current_language]\"   \/>\n<div id=\"frm_field_66_container\" class=\"frm_form_field form-field  frm_required_field frm_none_container vertical_radio\">\r\n    <div  id=\"field_shzd4a8f8d3131f_label\" class=\"frm_primary_label\">Casillas\r\n        <span class=\"frm_required\" aria-hidden=\"true\">*<\/span>\r\n    <\/div>\r\n    <div class=\"frm_opt_container\" aria-labelledby=\"field_shzd4a8f8d3131f_label\" role=\"group\">\t\t<div class=\"frm_checkbox\" id=\"frm_checkbox_66-0\">\t\t\t<label  for=\"field_shzd4a8f8d3131f-0\">\n\t\t\t<input type=\"checkbox\" name=\"item_meta[66][]\" id=\"field_shzd4a8f8d3131f-0\" value=\"I have read and accept the &lt;a href=&quot;\/privacy-policy\/&quot; target=&quot;_blank&quot; title=&quot;Privacy Policy&quot;&gt;privacy policy&lt;\/a&gt; of this site.\"  data-reqmsg=\"Este campo no puede estar vac\u00edo.\" data-invmsg=\"Casillas no es v\u00e1lido\"   aria-required=\"true\"  \/> He le\u00eddo y acepto la <a href=\"\/es\/politica-de-privacidad\/\" target=\"_blank\" title=\"Privacy Policy\">pol\u00edtica de privacidad<\/a> de este sitio.<\/label><\/div>\n<\/div>\r\n    \r\n    \r\n<\/div>\n<div id=\"frm_field_67_container\" class=\"frm_form_field form-field  frm_none_container vertical_radio\">\r\n    <div  id=\"field_cdw2if7bc486be2_label\" class=\"frm_primary_label\">Casillas\r\n        <span class=\"frm_required\" aria-hidden=\"true\"><\/span>\r\n    <\/div>\r\n    <div class=\"frm_opt_container\" aria-labelledby=\"field_cdw2if7bc486be2_label\" role=\"group\">\t\t<div class=\"frm_checkbox\" id=\"frm_checkbox_67-0\">\t\t\t<label  for=\"field_cdw2if7bc486be2-0\">\n\t\t\t<input type=\"checkbox\" name=\"item_meta[67][]\" id=\"field_cdw2if7bc486be2-0\" value=\"I agree to receive commercial communications from Svefors\"  data-invmsg=\"Casillas no es v\u00e1lido\"   \/> Acepto recibir informaci\u00f3n comercial de Svefors<\/label><\/div>\n<\/div>\r\n    \r\n    \r\n<\/div>\n<div id=\"frm_field_87_container\" class=\"frm_form_field form-field  frm_none_container\">\r\n    <label for=\"g-recaptcha-response\" id=\"field_gydxn_label\" class=\"frm_primary_label\">reCAPTCHA\r\n        <span class=\"frm_required\" aria-hidden=\"true\"><\/span>\r\n    <\/label>\r\n    <div  id=\"field_gydxn\" class=\"frm-g-recaptcha\" data-sitekey=\"6LcfS3YgAAAAAIFPUQc_F9i_hhzPEHwmtiG0f10z\" data-size=\"invisible\" data-theme=\"light\"><\/div>\r\n    \r\n    \r\n<\/div>\n\t<input type=\"hidden\" name=\"item_key\" value=\"\" \/>\n\t\t\t<div id=\"frm_field_100_container\">\n\t\t\t<label for=\"field_ew19k\" >\n\t\t\t\tSi eres humano, deja este campo en blanco.\t\t\t<\/label>\n\t\t\t<input  id=\"field_ew19k\" type=\"text\" class=\"frm_form_field form-field frm_verify\" name=\"item_meta[100]\" value=\"\"  \/>\n\t\t<\/div>\n\t\t<input name=\"frm_state\" type=\"hidden\" value=\"5Y+qxQ5dFP6hFOTad9gDD0I+kK5RtHzkwyxF9ntHazWsosBzMu0x6GmrIzDFGv0f\" \/><div class=\"frm_submit\">\r\n\r\n<button class=\"frm_button_submit frm_final_submit\" type=\"submit\"   formnovalidate=\"formnovalidate\">ENVIAR<\/button>\r\n\r\n<\/div><\/div>\n<\/fieldset>\n<\/div>\n\n<\/form>\n<\/div>\n\t\t\t\t\t<\/div>\n\t\t\t\t<\/div>\n\t\t\t<\/div>\n\t\t<\/div>\n\t<\/section>\n\t\n\n\n\t<section class=\"ic-google-maps-wrapper\">\n\t\t<div class=\"box-map position-relative\">\n\t\t\t<div id=\"gmap\"><\/div>\n\t\t\t<div class=\"info-map\">\n\t\t\t\t<h2 class=\"map-titulo\">Svefors Realty<\/h2>\n\t\t\t\t<div class=\"map-texto\">\n\t\t\t\t\t<p>Avenida de Burgos 24<br \/>Residencial Acqua, Bloque 4, Local 2<br \/>29670 San Pedro Alc\u00e1ntara<\/p>\n\t\t\t\t<\/div>\n\t\t\t<\/div>\n\t\t<\/div>\n\t<\/section>\n\t<script type=\"application\/javascript\">\n\t\tjQuery(window).on('load', function() {\n\t\t\tinitMapByLatLng(12,'36.479878', '-4.987208', '\/wp-content\/themes\/svefors\/images\/marker.png', 'Svefors Realty');\n\t\t});\n\t<\/script>\n\t\n\n\n\n<div style=\"height:64px\" aria-hidden=\"true\" class=\"wp-block-spacer\"><\/div>\n\n\n<section class=\"client-recomendations\">\n\t\t\t<div class=\"container\">\n\t\t\t\t<div class=\"row\">\n\t\t\t\t\t<div class=\"col12\">\n\t\t\t\t\t\t<!-- wp:heading {\"textAlign\":\"center\",\"level\":4} -->\n<h4 class=\"has-text-align-center\"><em>Maravillosos profesionales, nos encontraron exactamente lo que necesit\u00e1bamos en tiempo r\u00e9cord. El trato excelente.<\/em><\/h4>\n<!-- \/wp:heading -->\n\t\t\t\t\t\t<img decoding=\"async\" src=\"https:\/\/sveforsrealty.com\/wp-content\/uploads\/2022\/05\/unnamed.png\" alt=\"ANA MORANTE\">\n\t\t\t\t\t\t<div class=\"stars\">\n\t\t\t\t\t\t\t<img loading=\"lazy\" decoding=\"async\" width=\"19\" height=\"19\" style=\"width: 19px;\" alt=\"review-star\" src=\"\/wp-content\/uploads\/2022\/01\/blue-star.png\">\n\t\t\t\t\t\t\t<img loading=\"lazy\" decoding=\"async\" width=\"19\" height=\"19\" style=\"width: 19px;\" alt=\"review-star\" src=\"\/wp-content\/uploads\/2022\/01\/blue-star.png\">\n\t\t\t\t\t\t\t<img loading=\"lazy\" decoding=\"async\" width=\"19\" height=\"19\" style=\"width: 19px;\" alt=\"review-star\" src=\"\/wp-content\/uploads\/2022\/01\/blue-star.png\">\n\t\t\t\t\t\t\t<img loading=\"lazy\" decoding=\"async\" width=\"19\" height=\"19\" style=\"width: 19px;\" alt=\"review-star\" src=\"\/wp-content\/uploads\/2022\/01\/blue-star.png\">\n\t\t\t\t\t\t\t<img loading=\"lazy\" decoding=\"async\" width=\"19\" height=\"19\" style=\"width: 19px;\" alt=\"review-star\" src=\"\/wp-content\/uploads\/2022\/01\/blue-star.png\">\n\t\t\t\t\t\t<\/div>\n\t\t\t\t\t\t<p><strong>ANA MORANTE<\/strong><\/p>\n\t\t\t\t\t<\/div>\n\t\t\t\t<\/div>\n\t\t\t<\/div>\n\t\t<\/section>\n\n\n\n<div style=\"height:64px\" aria-hidden=\"true\" class=\"wp-block-spacer\"><\/div>\n","protected":false},"excerpt":{"rendered":"","protected":false},"author":1,"featured_media":0,"parent":0,"menu_order":0,"comment_status":"closed","ping_status":"closed","template":"","meta":{"inline_featured_image":false,"footnotes":""},"class_list":["post-1481","page","type-page","status-publish","hentry"],"yoast_head":"<!-- This site is optimized with the Yoast SEO plugin v27.3 - https:\/\/yoast.com\/product\/yoast-seo-wordpress\/ -->\n<title>Contacto - Svefors Realty | Marbella - Svefors Realty, m\u00e1s de 20 a\u00f1os de experiencia en el mercado inmobiliaria en la Costa del Sol.<\/title>\n<meta name=\"robots\" content=\"index, follow, max-snippet:-1, max-image-preview:large, max-video-preview:-1\" \/>\n<link rel=\"canonical\" href=\"https:\/\/sveforsrealty.com\/es\/contacto\/\" \/>\n<meta property=\"og:locale\" content=\"es_ES\" \/>\n<meta property=\"og:type\" content=\"article\" \/>\n<meta property=\"og:title\" content=\"Contacto - Svefors Realty | Marbella - Svefors Realty, m\u00e1s de 20 a\u00f1os de experiencia en el mercado inmobiliaria en la Costa del Sol.\" \/>\n<meta property=\"og:url\" content=\"https:\/\/sveforsrealty.com\/es\/contacto\/\" \/>\n<meta property=\"og:site_name\" content=\"Svefors Realty | Marbella\" \/>\n<meta property=\"article:publisher\" content=\"https:\/\/www.facebook.com\/SveforsRealty\/\" \/>\n<meta property=\"article:modified_time\" content=\"2024-08-06T10:13:09+00:00\" \/>\n<meta name=\"twitter:card\" content=\"summary_large_image\" \/>\n<meta name=\"twitter:label1\" content=\"Tiempo de lectura\" \/>\n\t<meta name=\"twitter:data1\" content=\"1 minuto\" \/>\n<script type=\"application\/ld+json\" class=\"yoast-schema-graph\">{\"@context\":\"https:\\\/\\\/schema.org\",\"@graph\":[{\"@type\":\"WebPage\",\"@id\":\"https:\\\/\\\/sveforsrealty.com\\\/es\\\/contacto\\\/\",\"url\":\"https:\\\/\\\/sveforsrealty.com\\\/es\\\/contacto\\\/\",\"name\":\"Contacto - Svefors Realty | Marbella - Svefors Realty, m\u00e1s de 20 a\u00f1os de experiencia en el mercado inmobiliaria en la Costa del Sol.\",\"isPartOf\":{\"@id\":\"https:\\\/\\\/sveforsrealty.com\\\/es\\\/#website\"},\"datePublished\":\"2022-03-14T16:08:46+00:00\",\"dateModified\":\"2024-08-06T10:13:09+00:00\",\"breadcrumb\":{\"@id\":\"https:\\\/\\\/sveforsrealty.com\\\/es\\\/contacto\\\/#breadcrumb\"},\"inLanguage\":\"es\",\"potentialAction\":[{\"@type\":\"ReadAction\",\"target\":[\"https:\\\/\\\/sveforsrealty.com\\\/es\\\/contacto\\\/\"]}]},{\"@type\":\"BreadcrumbList\",\"@id\":\"https:\\\/\\\/sveforsrealty.com\\\/es\\\/contacto\\\/#breadcrumb\",\"itemListElement\":[{\"@type\":\"ListItem\",\"position\":1,\"name\":\"Home\",\"item\":\"https:\\\/\\\/sveforsrealty.com\\\/es\\\/\"},{\"@type\":\"ListItem\",\"position\":2,\"name\":\"Contacto\"}]},{\"@type\":\"WebSite\",\"@id\":\"https:\\\/\\\/sveforsrealty.com\\\/es\\\/#website\",\"url\":\"https:\\\/\\\/sveforsrealty.com\\\/es\\\/\",\"name\":\"Svefors Realty | Marbella\",\"description\":\"Svefors Realty, m\u00e1s de 20 a\u00f1os de experiencia en el mercado inmobiliaria en la Costa del Sol.\",\"publisher\":{\"@id\":\"https:\\\/\\\/sveforsrealty.com\\\/es\\\/#organization\"},\"potentialAction\":[{\"@type\":\"SearchAction\",\"target\":{\"@type\":\"EntryPoint\",\"urlTemplate\":\"https:\\\/\\\/sveforsrealty.com\\\/es\\\/?s={search_term_string}\"},\"query-input\":{\"@type\":\"PropertyValueSpecification\",\"valueRequired\":true,\"valueName\":\"search_term_string\"}}],\"inLanguage\":\"es\"},{\"@type\":\"Organization\",\"@id\":\"https:\\\/\\\/sveforsrealty.com\\\/es\\\/#organization\",\"name\":\"Svefors Realty | Marbella\",\"url\":\"https:\\\/\\\/sveforsrealty.com\\\/es\\\/\",\"logo\":{\"@type\":\"ImageObject\",\"inLanguage\":\"es\",\"@id\":\"https:\\\/\\\/sveforsrealty.com\\\/es\\\/#\\\/schema\\\/logo\\\/image\\\/\",\"url\":\"https:\\\/\\\/sveforsrealty.com\\\/wp-content\\\/uploads\\\/2022\\\/02\\\/logo-svefors.png\",\"contentUrl\":\"https:\\\/\\\/sveforsrealty.com\\\/wp-content\\\/uploads\\\/2022\\\/02\\\/logo-svefors.png\",\"width\":480,\"height\":102,\"caption\":\"Svefors Realty | Marbella\"},\"image\":{\"@id\":\"https:\\\/\\\/sveforsrealty.com\\\/es\\\/#\\\/schema\\\/logo\\\/image\\\/\"},\"sameAs\":[\"https:\\\/\\\/www.facebook.com\\\/SveforsRealty\\\/\"]}]}<\/script>\n<!-- \/ Yoast SEO plugin. -->","yoast_head_json":{"title":"Contacto - Svefors Realty | Marbella - Svefors Realty, m\u00e1s de 20 a\u00f1os de experiencia en el mercado inmobiliaria en la Costa del Sol.","robots":{"index":"index","follow":"follow","max-snippet":"max-snippet:-1","max-image-preview":"max-image-preview:large","max-video-preview":"max-video-preview:-1"},"canonical":"https:\/\/sveforsrealty.com\/es\/contacto\/","og_locale":"es_ES","og_type":"article","og_title":"Contacto - Svefors Realty | Marbella - Svefors Realty, m\u00e1s de 20 a\u00f1os de experiencia en el mercado inmobiliaria en la Costa del Sol.","og_url":"https:\/\/sveforsrealty.com\/es\/contacto\/","og_site_name":"Svefors Realty | Marbella","article_publisher":"https:\/\/www.facebook.com\/SveforsRealty\/","article_modified_time":"2024-08-06T10:13:09+00:00","twitter_card":"summary_large_image","twitter_misc":{"Tiempo de lectura":"1 minuto"},"schema":{"@context":"https:\/\/schema.org","@graph":[{"@type":"WebPage","@id":"https:\/\/sveforsrealty.com\/es\/contacto\/","url":"https:\/\/sveforsrealty.com\/es\/contacto\/","name":"Contacto - Svefors Realty | Marbella - Svefors Realty, m\u00e1s de 20 a\u00f1os de experiencia en el mercado inmobiliaria en la Costa del Sol.","isPartOf":{"@id":"https:\/\/sveforsrealty.com\/es\/#website"},"datePublished":"2022-03-14T16:08:46+00:00","dateModified":"2024-08-06T10:13:09+00:00","breadcrumb":{"@id":"https:\/\/sveforsrealty.com\/es\/contacto\/#breadcrumb"},"inLanguage":"es","potentialAction":[{"@type":"ReadAction","target":["https:\/\/sveforsrealty.com\/es\/contacto\/"]}]},{"@type":"BreadcrumbList","@id":"https:\/\/sveforsrealty.com\/es\/contacto\/#breadcrumb","itemListElement":[{"@type":"ListItem","position":1,"name":"Home","item":"https:\/\/sveforsrealty.com\/es\/"},{"@type":"ListItem","position":2,"name":"Contacto"}]},{"@type":"WebSite","@id":"https:\/\/sveforsrealty.com\/es\/#website","url":"https:\/\/sveforsrealty.com\/es\/","name":"Svefors Realty | Marbella","description":"Svefors Realty, m\u00e1s de 20 a\u00f1os de experiencia en el mercado inmobiliaria en la Costa del Sol.","publisher":{"@id":"https:\/\/sveforsrealty.com\/es\/#organization"},"potentialAction":[{"@type":"SearchAction","target":{"@type":"EntryPoint","urlTemplate":"https:\/\/sveforsrealty.com\/es\/?s={search_term_string}"},"query-input":{"@type":"PropertyValueSpecification","valueRequired":true,"valueName":"search_term_string"}}],"inLanguage":"es"},{"@type":"Organization","@id":"https:\/\/sveforsrealty.com\/es\/#organization","name":"Svefors Realty | Marbella","url":"https:\/\/sveforsrealty.com\/es\/","logo":{"@type":"ImageObject","inLanguage":"es","@id":"https:\/\/sveforsrealty.com\/es\/#\/schema\/logo\/image\/","url":"https:\/\/sveforsrealty.com\/wp-content\/uploads\/2022\/02\/logo-svefors.png","contentUrl":"https:\/\/sveforsrealty.com\/wp-content\/uploads\/2022\/02\/logo-svefors.png","width":480,"height":102,"caption":"Svefors Realty | Marbella"},"image":{"@id":"https:\/\/sveforsrealty.com\/es\/#\/schema\/logo\/image\/"},"sameAs":["https:\/\/www.facebook.com\/SveforsRealty\/"]}]}},"_links":{"self":[{"href":"https:\/\/sveforsrealty.com\/es\/wp-json\/wp\/v2\/pages\/1481","targetHints":{"allow":["GET"]}}],"collection":[{"href":"https:\/\/sveforsrealty.com\/es\/wp-json\/wp\/v2\/pages"}],"about":[{"href":"https:\/\/sveforsrealty.com\/es\/wp-json\/wp\/v2\/types\/page"}],"author":[{"embeddable":true,"href":"https:\/\/sveforsrealty.com\/es\/wp-json\/wp\/v2\/users\/1"}],"replies":[{"embeddable":true,"href":"https:\/\/sveforsrealty.com\/es\/wp-json\/wp\/v2\/comments?post=1481"}],"version-history":[{"count":12,"href":"https:\/\/sveforsrealty.com\/es\/wp-json\/wp\/v2\/pages\/1481\/revisions"}],"predecessor-version":[{"id":2398,"href":"https:\/\/sveforsrealty.com\/es\/wp-json\/wp\/v2\/pages\/1481\/revisions\/2398"}],"wp:attachment":[{"href":"https:\/\/sveforsrealty.com\/es\/wp-json\/wp\/v2\/media?parent=1481"}],"curies":[{"name":"wp","href":"https:\/\/api.w.org\/{rel}","templated":true}]}}